{"id":7356,"date":"2025-10-04T13:48:44","date_gmt":"2025-10-04T13:48:44","guid":{"rendered":"https:\/\/meskreasbudget.fr\/?post_type=product&#038;p=7356"},"modified":"2025-10-04T14:04:24","modified_gmt":"2025-10-04T14:04:24","slug":"tracker-challenge-theme-harry-potter","status":"publish","type":"product","link":"https:\/\/meskreasbudget.fr\/accueil-2\/produit\/tracker-challenge-theme-harry-potter\/","title":{"rendered":"Tracker Challenge \u2013 Th\u00e8me Harry Potter"},"content":{"rendered":"<p>Plongez dans l\u2019univers ensorcelant de Poudlard avec ce tracker Harry Potter, pens\u00e9 pour les fans de la saga et les amoureux de l\u2019organisation ludique ! Que ce soit pour suivre vos \u00e9conomies, vos habitudes ou vos objectifs, ce challenge vous accompagne avec style et magie.<\/p>\n<p>\u2728 <strong>Caract\u00e9ristiques du produit :<\/strong><\/p>\n<ul>\n<li>Format pratique : <strong>15,5 cm x 8 cm<\/strong>, glisse parfaitement dans une enveloppe A6<\/li>\n<li>Impression <strong>recto\/verso<\/strong> sur papier <strong>160 g<\/strong>, pour une belle tenue<\/li>\n<li><strong>Plastifi\u00e9<\/strong> : r\u00e9utilisable \u00e0 l\u2019infini avec un feutre effa\u00e7able<\/li>\n<li>Design inspir\u00e9 de l\u2019univers Harry Potter, avec une touche artisanale<\/li>\n<\/ul>\n<p>\ud83d\udd90 <strong>Fabrication artisanale<\/strong> : chaque tracker est <strong>cr\u00e9\u00e9, imprim\u00e9 et plastifi\u00e9 \u00e0 la main<\/strong> par mes soins, aux Arcs (83), avec amour et pr\u00e9cision.<\/p>\n<p>\ud83d\udeab <strong>Important<\/strong> : Toute reproduction est strictement interdite. Droits \u00e0 l\u2019image r\u00e9serv\u00e9s.<\/p>\n","protected":false},"excerpt":{"rendered":"<p>Plongez dans l\u2019univers ensorcelant de Poudlard avec ce tracker Harry Potter, pens\u00e9 pour les fans de la saga et les amoureux de l\u2019organisation ludique ! Que ce soit pour suivre vos \u00e9conomies, vos habitudes ou vos objectifs, ce challenge vous accompagne avec style et magie.<\/p>\n<p>\u2728 <strong>Caract\u00e9ristiques du produit :<\/strong><\/p>\n<ul>\n<li>Format pratique : <strong>15,5 cm x 8 cm<\/strong>, glisse parfaitement dans une enveloppe A6<\/li>\n<li>Impression <strong>recto\/verso<\/strong> sur papier <strong>160 g<\/strong>, pour une belle tenue<\/li>\n<li><strong>Plastifi\u00e9<\/strong> : r\u00e9utilisable \u00e0 l\u2019infini avec un feutre effa\u00e7able<\/li>\n<li>Design inspir\u00e9 de l\u2019univers Harry Potter, avec une touche artisanale<\/li>\n<\/ul>\n<p>\ud83d\udd90 <strong>Fabrication artisanale<\/strong> : chaque tracker est <strong>cr\u00e9\u00e9, imprim\u00e9 et plastifi\u00e9 \u00e0 la main<\/strong> par mes soins, aux Arcs (83), avec amour et pr\u00e9cision.<\/p>\n<p>\ud83d\udeab <strong>Important<\/strong> : Toute reproduction est strictement interdite. Droits \u00e0 l\u2019image r\u00e9serv\u00e9s.<\/p>\n","protected":false},"featured_media":7373,"comment_status":"open","ping_status":"closed","template":"","meta":{"iawp_total_views":7},"product_brand":[],"product_cat":[103,88],"product_tag":[98,96,101,97],"class_list":{"0":"post-7356","1":"product","2":"type-product","3":"status-publish","4":"has-post-thumbnail","6":"product_cat-defis-categories","7":"product_cat-defis-budget","8":"product_tag-defis","9":"product_tag-defis-budget","10":"product_tag-enveloppe","11":"product_tag-trackers","13":"first","14":"instock","15":"featured","16":"shipping-taxable","17":"purchasable","18":"product-type-variable"},"aioseo_notices":[],"_links":{"self":[{"href":"https:\/\/meskreasbudget.fr\/accueil-2\/wp-json\/wp\/v2\/product\/7356","targetHints":{"allow":["GET"]}}],"collection":[{"href":"https:\/\/meskreasbudget.fr\/accueil-2\/wp-json\/wp\/v2\/product"}],"about":[{"href":"https:\/\/meskreasbudget.fr\/accueil-2\/wp-json\/wp\/v2\/types\/product"}],"replies":[{"embeddable":true,"href":"https:\/\/meskreasbudget.fr\/accueil-2\/wp-json\/wp\/v2\/comments?post=7356"}],"version-history":[{"count":1,"href":"https:\/\/meskreasbudget.fr\/accueil-2\/wp-json\/wp\/v2\/product\/7356\/revisions"}],"predecessor-version":[{"id":7377,"href":"https:\/\/meskreasbudget.fr\/accueil-2\/wp-json\/wp\/v2\/product\/7356\/revisions\/7377"}],"wp:featuredmedia":[{"embeddable":true,"href":"https:\/\/meskreasbudget.fr\/accueil-2\/wp-json\/wp\/v2\/media\/7373"}],"wp:attachment":[{"href":"https:\/\/meskreasbudget.fr\/accueil-2\/wp-json\/wp\/v2\/media?parent=7356"}],"wp:term":[{"taxonomy":"product_brand","embeddable":true,"href":"https:\/\/meskreasbudget.fr\/accueil-2\/wp-json\/wp\/v2\/product_brand?post=7356"},{"taxonomy":"product_cat","embeddable":true,"href":"https:\/\/meskreasbudget.fr\/accueil-2\/wp-json\/wp\/v2\/product_cat?post=7356"},{"taxonomy":"product_tag","embeddable":true,"href":"https:\/\/meskreasbudget.fr\/accueil-2\/wp-json\/wp\/v2\/product_tag?post=7356"}],"curies":[{"name":"wp","href":"https:\/\/api.w.org\/{rel}","templated":true}]}}