{"id":7344,"date":"2025-06-23T16:25:57","date_gmt":"2025-06-23T16:25:57","guid":{"rendered":"https:\/\/meskreasbudget.fr\/?post_type=product&#038;p=7344"},"modified":"2025-06-23T16:48:52","modified_gmt":"2025-06-23T16:48:52","slug":"classeur-budget-vacances","status":"publish","type":"product","link":"https:\/\/meskreasbudget.fr\/accueil-2\/produit\/classeur-budget-vacances\/","title":{"rendered":"Classeur Budget Sp\u00e9cial Vacances \u2013 Planifiez, \u00c9conomisez, Profitez !"},"content":{"rendered":"<p><strong>Offrez-vous des vacances inoubliables\u2026 sans faire exploser votre budget !<\/strong> \ud83c\udfd6\ufe0f\u2728<\/p>\n<p>Avec ce <em>Classeur Budget Sp\u00e9cial Vacances<\/em>, planifiez vos escapades en toute s\u00e9r\u00e9nit\u00e9. Que ce soit pour un week-end, un road trip ou un s\u00e9jour en famille, chaque page vous aide \u00e0 anticiper vos d\u00e9penses : transport, h\u00e9bergement, repas, activit\u00e9s, extras\u2026<\/p>\n<p>Nous avons pens\u00e9 chaque d\u00e9tail pour garantir des vacances bien organis\u00e9es et sans mauvaise surprise.<\/p>\n<p>Gr\u00e2ce \u00e0 sa structure visuelle, claire et intuitive, ce classeur rend la gestion de votre budget voyage simple, rassurante et m\u00eame motivante. Poste apr\u00e8s poste, suivez l\u2019\u00e9volution de vos pr\u00e9paratifs comme si un GPS malin surveillait vos finances \u2728\ud83d\udcb8<\/p>\n<p>\ud83c\udfaf <strong>Pourquoi l\u2019adopter ?<\/strong><\/p>\n<p>Une m\u00e9thode pratique, efficace et joyeuse pour organiser chaque \u00e9tape de vos vacances<\/p>\n<p>Un design soign\u00e9 qui donne envie de rester sur la bonne route c\u00f4t\u00e9 budget<\/p>\n<p>Le compagnon id\u00e9al pour partir l\u2019esprit libre, sans stress financier<\/p>\n<p>\ud83d\udccc <strong>Caract\u00e9ristiques produit<\/strong> :<\/p>\n<p>\ud83d\udccf Format compact : 12,5 x 15 cm, facile \u00e0 glisser dans une trousse ou un sac<\/p>\n<p>\ud83d\udcc4 Impression recto\/verso sur papier 160 g pour une belle tenue<\/p>\n<p>\ud83c\udfa8 Plastifi\u00e9 \u00e0 la main pour plus de solidit\u00e9 et de durabilit\u00e9<\/p>\n<p>\ud83d\udc9b Fabriqu\u00e9 artisanalement aux Arcs (83) avec amour et soin<\/p>\n<p>\ud83c\udf0d\u00a0 le voyage commence d\u00e8s la planification\u2026 et que chaque euro soit bien plac\u00e9 !<\/p>\n<p>\u26a0\ufe0f Cr\u00e9ation originale \u2013 Toute reproduction est interdite \u2013 Droits \u00e0 l\u2019image prot\u00e9g\u00e9s.<\/p>\n<p>&nbsp;<\/p>\n","protected":false},"excerpt":{"rendered":"<p><strong>Offrez-vous des vacances inoubliables\u2026 sans faire exploser votre budget !<\/strong> \ud83c\udfd6\ufe0f\u2728<\/p>\n<p>Avec ce <em>Classeur Budget Sp\u00e9cial Vacances<\/em>, planifiez vos escapades en toute s\u00e9r\u00e9nit\u00e9. Que ce soit pour un week-end, un road trip ou un s\u00e9jour en famille, chaque page vous aide \u00e0 anticiper vos d\u00e9penses : transport, h\u00e9bergement, repas, activit\u00e9s, extras\u2026 tout est pens\u00e9 pour des vacances bien organis\u00e9es et sans mauvaise surprise \ud83d\udcbc\ud83d\udcc6<\/p>\n<p>Gr\u00e2ce \u00e0 sa structure visuelle, claire et intuitive, ce classeur rend la gestion de votre budget voyage simple, rassurante et m\u00eame motivante. Poste apr\u00e8s poste, suivez l\u2019\u00e9volution de vos pr\u00e9paratifs comme si un GPS malin surveillait vos finances \u2728\ud83d\udcb8<\/p>\n<p>&nbsp;<\/p>\n","protected":false},"featured_media":7308,"comment_status":"open","ping_status":"closed","template":"","meta":{"iawp_total_views":9},"product_brand":[],"product_cat":[119,86],"product_tag":[],"class_list":{"0":"post-7344","1":"product","2":"type-product","3":"status-publish","4":"has-post-thumbnail","6":"product_cat-classeur-budget-themes","7":"product_cat-classeur-budget","9":"first","10":"instock","11":"shipping-taxable","12":"purchasable","13":"product-type-simple"},"aioseo_notices":[],"_links":{"self":[{"href":"https:\/\/meskreasbudget.fr\/accueil-2\/wp-json\/wp\/v2\/product\/7344","targetHints":{"allow":["GET"]}}],"collection":[{"href":"https:\/\/meskreasbudget.fr\/accueil-2\/wp-json\/wp\/v2\/product"}],"about":[{"href":"https:\/\/meskreasbudget.fr\/accueil-2\/wp-json\/wp\/v2\/types\/product"}],"replies":[{"embeddable":true,"href":"https:\/\/meskreasbudget.fr\/accueil-2\/wp-json\/wp\/v2\/comments?post=7344"}],"version-history":[{"count":1,"href":"https:\/\/meskreasbudget.fr\/accueil-2\/wp-json\/wp\/v2\/product\/7344\/revisions"}],"predecessor-version":[{"id":7345,"href":"https:\/\/meskreasbudget.fr\/accueil-2\/wp-json\/wp\/v2\/product\/7344\/revisions\/7345"}],"wp:featuredmedia":[{"embeddable":true,"href":"https:\/\/meskreasbudget.fr\/accueil-2\/wp-json\/wp\/v2\/media\/7308"}],"wp:attachment":[{"href":"https:\/\/meskreasbudget.fr\/accueil-2\/wp-json\/wp\/v2\/media?parent=7344"}],"wp:term":[{"taxonomy":"product_brand","embeddable":true,"href":"https:\/\/meskreasbudget.fr\/accueil-2\/wp-json\/wp\/v2\/product_brand?post=7344"},{"taxonomy":"product_cat","embeddable":true,"href":"https:\/\/meskreasbudget.fr\/accueil-2\/wp-json\/wp\/v2\/product_cat?post=7344"},{"taxonomy":"product_tag","embeddable":true,"href":"https:\/\/meskreasbudget.fr\/accueil-2\/wp-json\/wp\/v2\/product_tag?post=7344"}],"curies":[{"name":"wp","href":"https:\/\/api.w.org\/{rel}","templated":true}]}}