{"id":7335,"date":"2025-06-23T16:05:38","date_gmt":"2025-06-23T16:05:38","guid":{"rendered":"https:\/\/meskreasbudget.fr\/?post_type=product&#038;p=7335"},"modified":"2025-06-23T16:05:38","modified_gmt":"2025-06-23T16:05:38","slug":"classeur-budget-disneyland","status":"publish","type":"product","link":"https:\/\/meskreasbudget.fr\/accueil-2\/produit\/classeur-budget-disneyland\/","title":{"rendered":"Classeur Budget Disneyland &#8211; Sp\u00e9cial vacances \u00e0 Disneyland"},"content":{"rendered":"<p><strong>Avec ce Carnet Budget Sp\u00e9cial Vacances \u00e0 Disneyland<\/strong>, transformez la gestion de vos \u00e9conomies en un challenge motivant et magique \u2728<\/p>\n<p>Chaque page vous guide pour planifier vos d\u00e9penses : billets d\u2019entr\u00e9e, transport, h\u00e9bergement, repas, souvenirs\u2026 tout en douceur, sans compromis sur la f\u00e9\u00e9rie !<\/p>\n<p>Ce carnet, visuel et intuitif, rend l\u2019\u00e9pargne plus concr\u00e8te. Chaque rubrique vous permet de suivre votre progression, comme si Mickey lui-m\u00eame vous accompagnait dans l\u2019aventure ! \ud83c\udff0<\/p>\n<p>\ud83c\udfaf <strong>Pourquoi l\u2019adopter ?<\/strong><\/p>\n<p>Une m\u00e9thode claire et joyeuse pour anticiper les d\u00e9penses<\/p>\n<p>Un design soign\u00e9 pour rester motiv\u00e9(e) jusqu\u2019au d\u00e9part<\/p>\n<p>Un compagnon id\u00e9al pour vivre la magie\u2026 sans stress bancaire<\/p>\n<p>\ud83d\udccc <strong>Caract\u00e9ristiques produit<\/strong> :<\/p>\n<p>\ud83d\udccf Format pratique : 12,5 x 15 cm<\/p>\n<p>\ud83d\udcd2 Papier 160 g imprim\u00e9 recto\/verso<\/p>\n<p>\ud83c\udfa8 Plastifi\u00e9 \u00e0 la main pour plus de solidit\u00e9<\/p>\n<p>\ud83d\udc9b Fabrication artisanale aux Arcs (83) avec amour et soin<\/p>\n<p>\ud83c\udf1f Que la magie de Disney commence d\u00e8s la pr\u00e9paration ! \ud83c\udf1f<\/p>\n<p>\u26a0\ufe0f Cr\u00e9ation originale \u2013 Reproduction interdite \u2013 Tous droits r\u00e9serv\u00e9s.<\/p>\n","protected":false},"excerpt":{"rendered":"<p><strong>Avec ce Carnet Budget Sp\u00e9cial Vacances \u00e0 Disneyland<\/strong>, transformez la gestion de vos \u00e9conomies en un challenge motivant et magique \u2728<\/p>\n<p>Chaque page vous guide pour planifier vos d\u00e9penses : billets d\u2019entr\u00e9e, transport, h\u00e9bergement, repas, souvenirs\u2026 tout en douceur, sans compromis sur la f\u00e9\u00e9rie !<\/p>\n<p>Ce carnet, visuel et intuitif, rend l\u2019\u00e9pargne plus concr\u00e8te. Chaque rubrique vous permet de suivre votre progression, comme si Mickey lui-m\u00eame vous accompagnait dans l\u2019aventure ! \ud83c\udff0<\/p>\n<p>\ud83c\udfaf <strong>Pourquoi l\u2019adopter ?<\/strong><\/p>\n<p>\u2705 Une m\u00e9thode claire et joyeuse pour anticiper les d\u00e9penses<\/p>\n<p>\u2705 Un design soign\u00e9 pour rester motiv\u00e9(e) jusqu\u2019au d\u00e9part<\/p>\n<p>\u2705 Un compagnon id\u00e9al pour vivre la magie\u2026 sans stress bancaire<\/p>\n<p>\ud83d\udccc <strong>Caract\u00e9ristiques produit<\/strong> :<\/p>\n<p>\ud83d\udccf Format pratique : 12,5 x 15 cm<\/p>\n<p>\ud83d\udcd2 Papier 160 g imprim\u00e9 recto\/verso<\/p>\n<p>\ud83c\udfa8 Plastifi\u00e9 \u00e0 la main pour plus de solidit\u00e9<\/p>\n<p>\ud83d\udc9b Fabrication artisanale aux Arcs (83) avec amour et soin<\/p>\n<p>\ud83c\udf1f Que la magie de Disney commence d\u00e8s la pr\u00e9paration ! \ud83c\udf1f<\/p>\n<p>\u26a0\ufe0f Cr\u00e9ation originale \u2013 Reproduction interdite \u2013 Tous droits r\u00e9serv\u00e9s.<\/p>\n","protected":false},"featured_media":7292,"comment_status":"open","ping_status":"closed","template":"","meta":{"iawp_total_views":4},"product_brand":[],"product_cat":[119,86],"product_tag":[],"class_list":{"0":"post-7335","1":"product","2":"type-product","3":"status-publish","4":"has-post-thumbnail","6":"product_cat-classeur-budget-themes","7":"product_cat-classeur-budget","9":"first","10":"instock","11":"shipping-taxable","12":"purchasable","13":"product-type-simple"},"aioseo_notices":[],"_links":{"self":[{"href":"https:\/\/meskreasbudget.fr\/accueil-2\/wp-json\/wp\/v2\/product\/7335","targetHints":{"allow":["GET"]}}],"collection":[{"href":"https:\/\/meskreasbudget.fr\/accueil-2\/wp-json\/wp\/v2\/product"}],"about":[{"href":"https:\/\/meskreasbudget.fr\/accueil-2\/wp-json\/wp\/v2\/types\/product"}],"replies":[{"embeddable":true,"href":"https:\/\/meskreasbudget.fr\/accueil-2\/wp-json\/wp\/v2\/comments?post=7335"}],"version-history":[{"count":1,"href":"https:\/\/meskreasbudget.fr\/accueil-2\/wp-json\/wp\/v2\/product\/7335\/revisions"}],"predecessor-version":[{"id":7338,"href":"https:\/\/meskreasbudget.fr\/accueil-2\/wp-json\/wp\/v2\/product\/7335\/revisions\/7338"}],"wp:featuredmedia":[{"embeddable":true,"href":"https:\/\/meskreasbudget.fr\/accueil-2\/wp-json\/wp\/v2\/media\/7292"}],"wp:attachment":[{"href":"https:\/\/meskreasbudget.fr\/accueil-2\/wp-json\/wp\/v2\/media?parent=7335"}],"wp:term":[{"taxonomy":"product_brand","embeddable":true,"href":"https:\/\/meskreasbudget.fr\/accueil-2\/wp-json\/wp\/v2\/product_brand?post=7335"},{"taxonomy":"product_cat","embeddable":true,"href":"https:\/\/meskreasbudget.fr\/accueil-2\/wp-json\/wp\/v2\/product_cat?post=7335"},{"taxonomy":"product_tag","embeddable":true,"href":"https:\/\/meskreasbudget.fr\/accueil-2\/wp-json\/wp\/v2\/product_tag?post=7335"}],"curies":[{"name":"wp","href":"https:\/\/api.w.org\/{rel}","templated":true}]}}