{"id":7236,"date":"2025-06-12T14:37:03","date_gmt":"2025-06-12T14:37:03","guid":{"rendered":"https:\/\/meskreasbudget.fr\/?post_type=product&#038;p=7236"},"modified":"2025-06-12T14:55:19","modified_gmt":"2025-06-12T14:55:19","slug":"chats-gourmands-edition-carte-challenge-bingo","status":"publish","type":"product","link":"https:\/\/meskreasbudget.fr\/accueil-2\/produit\/chats-gourmands-edition-carte-challenge-bingo\/","title":{"rendered":"Chats Gourmands Edition &#8211; Carte Challenge Bingo"},"content":{"rendered":"<p>Avec cette carte Chats Gourmands \u00a0, vous pourrez transformer votre \u00e9pargne en un challenge amusant et motivant.<\/p>\n<p>Au fil du challenge, chaque case repr\u00e9sente un montant pr\u00e9cis \u00e0 \u00e9conomiser.<\/p>\n<p>Petit \u00e0 petit, vous remplissez les cases, ce qui permet de renforcer progressivement votre \u00e9pargne.<\/p>\n<p>Tout au long du jeu, cette carte des Chats Gourmands , avec leurs air dr\u00f4le et attachants , semble observer votre progression . Comme s&rsquo;ils vous encourageait \u00e0 relever le d\u00e9fi avec d\u00e9termination.<\/p>\n<p>\u2728 <strong>Pourquoi adopter ce challenge ?<\/strong><\/p>\n<p><strong>Une approche amusante et intuitive<\/strong>, id\u00e9ale pour rendre l\u2019\u00e9pargne plus engageante et simplifier la gestion du budget.<\/p>\n<p><strong>Le Chat Gourmand veille sur votre \u00e9pargne<\/strong>, vous aidant \u00e0 \u00e9conomiser sans compromettre votre plaisir ni votre libert\u00e9 financi\u00e8re.<\/p>\n<p><strong>Un design clair et inspirant<\/strong>, con\u00e7u pour visualiser vos \u00e9conomies rapidement et rester motiv\u00e9 tout au long du challenge.<\/p>\n<p>\ud83d\udccc <strong>Caract\u00e9ristiques du produit :<\/strong><\/p>\n<p>\ud83d\udccf <strong>Des dimensions pratiques :<\/strong> 8,5 cm x 9,5 cm<\/p>\n<p>\ud83d\udca1 <strong>J\u2019imprime le challenge recto\/verso sur du papier 160 g<\/strong><\/p>\n<p>\ud83c\udfa8 <strong>Chaque carte est plastifi\u00e9e et poss\u00e8de des montants diff\u00e9rents<\/strong><\/p>\n<p>\ud83d\udee0\ufe0f <strong>Fabrication artisanale :<\/strong><\/p>\n<p>J&rsquo;ai <strong>con\u00e7u cet article , J&rsquo;imprim\u00e9 et je plastifi\u00e9 avec soin aux Arcs (83). <\/strong><\/p>\n<p>Je veille \u00e0 une finition de qualit\u00e9 et porte une attention particuli\u00e8re aux d\u00e9tails.<\/p>\n<p>Je con\u00e7ois chaque \u00e9tape de fabrication pour offrir un produit durable et esth\u00e9tique.<\/p>\n<p>\u26a0\ufe0f <strong>Toute reproduction est interdite<\/strong> \u2013 <strong>Droits \u00e0 l\u2019image prot\u00e9g\u00e9s<\/strong>.<\/p>\n","protected":false},"excerpt":{"rendered":"<p>Avec cette carte Chats Gourmands \u00a0, vous pourrez transformer votre \u00e9pargne en un challenge amusant et motivant.<\/p>\n<p>Au fil du challenge, chaque case repr\u00e9sente un montant pr\u00e9cis \u00e0 \u00e9conomiser.<\/p>\n<p>Petit \u00e0 petit, vous remplissez les cases, ce qui permet de renforcer progressivement votre \u00e9pargne.<\/p>\n<p>Tout au long du jeu, cette carte des Chats Gourmands , avec leurs air dr\u00f4le et attachants , semble observer votre progression . Comme s&rsquo;ils vous encourageait \u00e0 relever le d\u00e9fi avec d\u00e9termination.<\/p>\n<p>Des dimensions pratiques : 8,5 cm x 9,5 cm<\/p>\n<p>\ud83d\udca1 J\u2019imprime le challenge recto\/verso sur du papier 160 g<\/p>\n<p>\ud83c\udfa8 Chaque carte est plastifi\u00e9e et poss\u00e8de des montants diff\u00e9rents<\/p>\n<p>\ud83d\udee0\ufe0f Fabrication artisanale :<\/p>\n<p>J&rsquo;ai con\u00e7u cet article , J&rsquo;imprim\u00e9 et je plastifi\u00e9 avec soin aux Arcs (83).<\/p>\n<p>Je veille \u00e0 une finition de qualit\u00e9 et porte une attention particuli\u00e8re aux d\u00e9tails.<\/p>\n<p>Je con\u00e7ois chaque \u00e9tape de fabrication pour offrir un produit durable et esth\u00e9tique.<\/p>\n<p>\u26a0\ufe0f Toute reproduction est interdite \u2013 Droits \u00e0 l\u2019image prot\u00e9g\u00e9s.<\/p>\n","protected":false},"featured_media":7244,"comment_status":"open","ping_status":"closed","template":"","meta":{"iawp_total_views":2},"product_brand":[],"product_cat":[107],"product_tag":[144,97],"class_list":{"0":"post-7236","1":"product","2":"type-product","3":"status-publish","4":"has-post-thumbnail","6":"product_cat-challenges-surprise","7":"product_tag-challenge","8":"product_tag-trackers","10":"first","11":"instock","12":"shipping-taxable","13":"purchasable","14":"product-type-variable"},"aioseo_notices":[],"_links":{"self":[{"href":"https:\/\/meskreasbudget.fr\/accueil-2\/wp-json\/wp\/v2\/product\/7236","targetHints":{"allow":["GET"]}}],"collection":[{"href":"https:\/\/meskreasbudget.fr\/accueil-2\/wp-json\/wp\/v2\/product"}],"about":[{"href":"https:\/\/meskreasbudget.fr\/accueil-2\/wp-json\/wp\/v2\/types\/product"}],"replies":[{"embeddable":true,"href":"https:\/\/meskreasbudget.fr\/accueil-2\/wp-json\/wp\/v2\/comments?post=7236"}],"version-history":[{"count":1,"href":"https:\/\/meskreasbudget.fr\/accueil-2\/wp-json\/wp\/v2\/product\/7236\/revisions"}],"predecessor-version":[{"id":7252,"href":"https:\/\/meskreasbudget.fr\/accueil-2\/wp-json\/wp\/v2\/product\/7236\/revisions\/7252"}],"wp:featuredmedia":[{"embeddable":true,"href":"https:\/\/meskreasbudget.fr\/accueil-2\/wp-json\/wp\/v2\/media\/7244"}],"wp:attachment":[{"href":"https:\/\/meskreasbudget.fr\/accueil-2\/wp-json\/wp\/v2\/media?parent=7236"}],"wp:term":[{"taxonomy":"product_brand","embeddable":true,"href":"https:\/\/meskreasbudget.fr\/accueil-2\/wp-json\/wp\/v2\/product_brand?post=7236"},{"taxonomy":"product_cat","embeddable":true,"href":"https:\/\/meskreasbudget.fr\/accueil-2\/wp-json\/wp\/v2\/product_cat?post=7236"},{"taxonomy":"product_tag","embeddable":true,"href":"https:\/\/meskreasbudget.fr\/accueil-2\/wp-json\/wp\/v2\/product_tag?post=7236"}],"curies":[{"name":"wp","href":"https:\/\/api.w.org\/{rel}","templated":true}]}}