{"id":7060,"date":"2025-05-31T14:46:34","date_gmt":"2025-05-31T14:46:34","guid":{"rendered":"https:\/\/meskreasbudget.fr\/?post_type=product&#038;p=7060"},"modified":"2025-05-31T14:52:59","modified_gmt":"2025-05-31T14:52:59","slug":"mignon-tigre-blanc-tracker-a6-pdf","status":"publish","type":"product","link":"https:\/\/meskreasbudget.fr\/accueil-2\/produit\/mignon-tigre-blanc-tracker-a6-pdf\/","title":{"rendered":"Mignon Tigre Blanc Tracker A6 PDF"},"content":{"rendered":"<p>\ud83d\udc2f <strong>G\u00e9rez votre budget avec la force et l\u2019\u00e9l\u00e9gance du Tigre Blanc !<\/strong> \ud83d\udc2f<\/p>\n<p>Adoptez ces trackers budget inspir\u00e9s du majestueux Tigre Blanc , parfaits pour suivre vos d\u00e9penses tout en ajoutant une touche de charme \u00e0 votre organisation. \u2744\ufe0f\u2728 Chaque \u00e9conomie devient une victoire, et chaque d\u00e9pense est mieux ma\u00eetris\u00e9e avec cet outil \u00e0 la fois mignon et efficace !<\/p>\n<p><strong>Caract\u00e9ristiques :<\/strong><\/p>\n<ul>\n<li>Format : 8 \u00d7 16 cm, parfait pour \u00eatre gliss\u00e9 dans une enveloppe plastique.<\/li>\n<li>Impression recommand\u00e9e sur papier haute qualit\u00e9 (minimum 120g) pour une durabilit\u00e9 optimale.<\/li>\n<li>Possibilit\u00e9 de plastifier pour un rendu encore plus solide et \u00e9l\u00e9gant.<\/li>\n<\/ul>\n<p><strong>Pratique et ludique !<\/strong> Suivez vos d\u00e9p\u00f4ts, d\u00e9penses et soldes avec simplicit\u00e9 tout en profitant d&rsquo;un design enchanteur qui \u00e9gayera votre routine budg\u00e9taire. Personnalisez chaque tracker en y inscrivant la cat\u00e9gorie de votre choix.<\/p>\n<p><strong>T\u00e9l\u00e9chargement imm\u00e9diat !<\/strong> Apr\u00e8s votre commande, acc\u00e9dez instantan\u00e9ment au fichier PDF et imprimez-le autant de fois que n\u00e9cessaire.<\/p>\n<p><strong>Contenu du PDF :<\/strong> \u2714 Instructions d\u00e9taill\u00e9es \u2714 3 trackers pr\u00eats \u00e0 \u00eatre imprim\u00e9s recto verso<\/p>\n<p>\u26a1 <strong>Pourquoi l\u2019utiliser ?<\/strong> \u2705 Un design \u00e9l\u00e9gant et captivant qui rend le suivi financier agr\u00e9able \u2705 Un format id\u00e9al pour vos enveloppes budget \u2705 Un outil pratique pour visualiser vos \u00e9conomies et garder le contr\u00f4le sur vos d\u00e9penses<\/p>\n<p>\ud83d\udcb0 <strong>Alliez puissance et douceur dans votre gestion financi\u00e8re avec ce Mignon Tigre Blanc !<\/strong> \ud83d\udcb0<\/p>\n","protected":false},"excerpt":{"rendered":"<p>\ud83d\udc2f <strong>G\u00e9rez votre budget avec la force et l\u2019\u00e9l\u00e9gance du Tigre Blanc !<\/strong> \ud83d\udc2f<\/p>\n<p>Adoptez ces trackers budget inspir\u00e9s du majestueux Tigre Blanc , parfaits pour suivre vos d\u00e9penses tout en ajoutant une touche de charme \u00e0 votre organisation. \u2744\ufe0f\u2728 Chaque \u00e9conomie devient une victoire, et chaque d\u00e9pense est mieux ma\u00eetris\u00e9e avec cet outil \u00e0 la fois mignon et efficace !<\/p>\n<p><strong>Caract\u00e9ristiques :<\/strong><\/p>\n<ul>\n<li>Format : 8 \u00d7 16 cm, parfait pour \u00eatre gliss\u00e9 dans une enveloppe plastique.<\/li>\n<li>Impression recommand\u00e9e sur papier haute qualit\u00e9 (minimum 120g) pour une durabilit\u00e9 optimale.<\/li>\n<li>Possibilit\u00e9 de plastifier pour un rendu encore plus solide et \u00e9l\u00e9gant.<\/li>\n<\/ul>\n<p><strong>Pratique et ludique !<\/strong> Suivez vos d\u00e9p\u00f4ts, d\u00e9penses et soldes avec simplicit\u00e9 tout en profitant d&rsquo;un design enchanteur qui \u00e9gayera votre routine budg\u00e9taire. Personnalisez chaque tracker en y inscrivant la cat\u00e9gorie de votre choix.<\/p>\n<p><strong>T\u00e9l\u00e9chargement imm\u00e9diat !<\/strong> Apr\u00e8s votre commande, acc\u00e9dez instantan\u00e9ment au fichier PDF et imprimez-le autant de fois que n\u00e9cessaire.<\/p>\n<p><strong>Contenu du PDF :<\/strong> \u2714 Instructions d\u00e9taill\u00e9es \u2714 3 trackers pr\u00eats \u00e0 \u00eatre imprim\u00e9s recto verso<\/p>\n<p>\u26a1 <strong>Pourquoi l\u2019utiliser ?<\/strong> \u2705 Un design \u00e9l\u00e9gant et captivant qui rend le suivi financier agr\u00e9able \u2705 Un format id\u00e9al pour vos enveloppes budget \u2705 Un outil pratique pour visualiser vos \u00e9conomies et garder le contr\u00f4le sur vos d\u00e9penses<\/p>\n<p>\ud83d\udcb0 <strong>Alliez puissance et douceur dans votre gestion financi\u00e8re avec ce Mignon Tigre Blanc !<\/strong> \ud83d\udcb0<\/p>\n","protected":false},"featured_media":6891,"comment_status":"open","ping_status":"closed","template":"","meta":{"iawp_total_views":9},"product_brand":[],"product_cat":[108],"product_tag":[101,124,142,123],"class_list":{"0":"post-7060","1":"product","2":"type-product","3":"status-publish","4":"has-post-thumbnail","6":"product_cat-numerique","7":"product_tag-enveloppe","8":"product_tag-page-garde","9":"product_tag-pdf","10":"product_tag-tracker","12":"first","13":"instock","14":"downloadable","15":"shipping-taxable","16":"purchasable","17":"product-type-simple"},"aioseo_notices":[],"_links":{"self":[{"href":"https:\/\/meskreasbudget.fr\/accueil-2\/wp-json\/wp\/v2\/product\/7060","targetHints":{"allow":["GET"]}}],"collection":[{"href":"https:\/\/meskreasbudget.fr\/accueil-2\/wp-json\/wp\/v2\/product"}],"about":[{"href":"https:\/\/meskreasbudget.fr\/accueil-2\/wp-json\/wp\/v2\/types\/product"}],"replies":[{"embeddable":true,"href":"https:\/\/meskreasbudget.fr\/accueil-2\/wp-json\/wp\/v2\/comments?post=7060"}],"version-history":[{"count":1,"href":"https:\/\/meskreasbudget.fr\/accueil-2\/wp-json\/wp\/v2\/product\/7060\/revisions"}],"predecessor-version":[{"id":7061,"href":"https:\/\/meskreasbudget.fr\/accueil-2\/wp-json\/wp\/v2\/product\/7060\/revisions\/7061"}],"wp:featuredmedia":[{"embeddable":true,"href":"https:\/\/meskreasbudget.fr\/accueil-2\/wp-json\/wp\/v2\/media\/6891"}],"wp:attachment":[{"href":"https:\/\/meskreasbudget.fr\/accueil-2\/wp-json\/wp\/v2\/media?parent=7060"}],"wp:term":[{"taxonomy":"product_brand","embeddable":true,"href":"https:\/\/meskreasbudget.fr\/accueil-2\/wp-json\/wp\/v2\/product_brand?post=7060"},{"taxonomy":"product_cat","embeddable":true,"href":"https:\/\/meskreasbudget.fr\/accueil-2\/wp-json\/wp\/v2\/product_cat?post=7060"},{"taxonomy":"product_tag","embeddable":true,"href":"https:\/\/meskreasbudget.fr\/accueil-2\/wp-json\/wp\/v2\/product_tag?post=7060"}],"curies":[{"name":"wp","href":"https:\/\/api.w.org\/{rel}","templated":true}]}}