{"id":7058,"date":"2025-05-31T14:39:35","date_gmt":"2025-05-31T14:39:35","guid":{"rendered":"https:\/\/meskreasbudget.fr\/?post_type=product&#038;p=7058"},"modified":"2025-05-31T14:56:51","modified_gmt":"2025-05-31T14:56:51","slug":"mignon-renard-tracker-a6-pdf","status":"publish","type":"product","link":"https:\/\/meskreasbudget.fr\/accueil-2\/produit\/mignon-renard-tracker-a6-pdf\/","title":{"rendered":"Mignon Renard Tracker A6 PDF"},"content":{"rendered":"<p><strong>G\u00e9rez votre budget avec malice et douceur avec ce tracker Mignon Renard !<\/strong> \ud83e\udd8a<\/p>\n<p>D\u00e9couvrez ces trackers budget sur le th\u00e8me Mignon Renard , parfaits pour suivre vos finances tout en ajoutant une touche charmante \u00e0 votre routine. \u2728 Chaque d\u00e9pense est mieux ma\u00eetris\u00e9e, chaque \u00e9conomie devient une victoire\u2014et tout cela avec un design irr\u00e9sistible !<\/p>\n<p><strong>Caract\u00e9ristiques :<\/strong><\/p>\n<ul>\n<li>Format : 8 \u00d7 16 cm, parfait pour \u00eatre gliss\u00e9 dans une enveloppe plastique.<\/li>\n<li>Impression recommand\u00e9e sur papier haute qualit\u00e9 (minimum 120g) pour une durabilit\u00e9 optimale.<\/li>\n<li>Possibilit\u00e9 de plastifier pour un rendu encore plus solide et \u00e9l\u00e9gant.<\/li>\n<\/ul>\n<p><strong>Pratique et ludique !<\/strong> Suivez vos d\u00e9p\u00f4ts, d\u00e9penses et soldes avec simplicit\u00e9 tout en profitant d&rsquo;un design enchanteur qui \u00e9gayera votre routine budg\u00e9taire. Personnalisez chaque tracker en y inscrivant la cat\u00e9gorie de votre choix.<\/p>\n<p><strong>T\u00e9l\u00e9chargement imm\u00e9diat !<\/strong> Apr\u00e8s votre commande, acc\u00e9dez instantan\u00e9ment au fichier PDF et imprimez-le autant de fois que n\u00e9cessaire.<\/p>\n<p><strong>Contenu du PDF :<\/strong> \u2714 Instructions d\u00e9taill\u00e9es \u2714 3 trackers pr\u00eats \u00e0 \u00eatre imprim\u00e9s recto verso<\/p>\n<p>\ud83c\udf42 <strong>Pourquoi les adopter ?<\/strong> \u2705 Un style tendre et espi\u00e8gle qui rend la gestion budg\u00e9taire ludique \u2705 Un format parfait pour vos enveloppes budget \u2705 Un outil efficace pour garder le contr\u00f4le sur vos d\u00e9penses et \u00e9pargnes<\/p>\n<p>\ud83d\udcb0 <strong>Des \u00e9conomies bien organis\u00e9es avec un compagnon aussi rus\u00e9 qu\u2019adorable que ce Mignon Renard !<\/strong> \ud83d\udcb0<\/p>\n","protected":false},"excerpt":{"rendered":"<p><strong>G\u00e9rez votre budget avec malice et douceur avec ce tracker Mignon Renard !<\/strong> \ud83e\udd8a<\/p>\n<p>D\u00e9couvrez ces trackers budget sur le th\u00e8me Mignon Renard , parfaits pour suivre vos finances tout en ajoutant une touche charmante \u00e0 votre routine. \u2728 Chaque d\u00e9pense est mieux ma\u00eetris\u00e9e, chaque \u00e9conomie devient une victoire\u2014et tout cela avec un design irr\u00e9sistible !<\/p>\n<p><strong>Caract\u00e9ristiques :<\/strong><\/p>\n<ul>\n<li>Format : 8 \u00d7 16 cm, parfait pour \u00eatre gliss\u00e9 dans une enveloppe plastique.<\/li>\n<li>Impression recommand\u00e9e sur papier haute qualit\u00e9 (minimum 120g) pour une durabilit\u00e9 optimale.<\/li>\n<li>Possibilit\u00e9 de plastifier pour un rendu encore plus solide et \u00e9l\u00e9gant.<\/li>\n<\/ul>\n<p><strong>Pratique et ludique !<\/strong> Suivez vos d\u00e9p\u00f4ts, d\u00e9penses et soldes avec simplicit\u00e9 tout en profitant d&rsquo;un design enchanteur qui \u00e9gayera votre routine budg\u00e9taire. Personnalisez chaque tracker en y inscrivant la cat\u00e9gorie de votre choix.<\/p>\n<p><strong>T\u00e9l\u00e9chargement imm\u00e9diat !<\/strong> Apr\u00e8s votre commande, acc\u00e9dez instantan\u00e9ment au fichier PDF et imprimez-le autant de fois que n\u00e9cessaire.<\/p>\n<p><strong>Contenu du PDF :<\/strong> \u2714 Instructions d\u00e9taill\u00e9es \u2714 3 trackers pr\u00eats \u00e0 \u00eatre imprim\u00e9s recto verso<\/p>\n<p>\ud83c\udf42 <strong>Pourquoi les adopter ?<\/strong> \u2705 Un style tendre et espi\u00e8gle qui rend la gestion budg\u00e9taire ludique \u2705 Un format parfait pour vos enveloppes budget \u2705 Un outil efficace pour garder le contr\u00f4le sur vos d\u00e9penses et \u00e9pargnes<\/p>\n<p>\ud83d\udcb0 <strong>Des \u00e9conomies bien organis\u00e9es avec un compagnon aussi rus\u00e9 qu\u2019adorable que ce Mignon Renard !<\/strong> \ud83d\udcb0<\/p>\n","protected":false},"featured_media":6890,"comment_status":"open","ping_status":"closed","template":"","meta":{"iawp_total_views":13},"product_brand":[],"product_cat":[108],"product_tag":[101,124,142,123],"class_list":{"0":"post-7058","1":"product","2":"type-product","3":"status-publish","4":"has-post-thumbnail","6":"product_cat-numerique","7":"product_tag-enveloppe","8":"product_tag-page-garde","9":"product_tag-pdf","10":"product_tag-tracker","12":"first","13":"instock","14":"downloadable","15":"shipping-taxable","16":"purchasable","17":"product-type-simple"},"aioseo_notices":[],"_links":{"self":[{"href":"https:\/\/meskreasbudget.fr\/accueil-2\/wp-json\/wp\/v2\/product\/7058","targetHints":{"allow":["GET"]}}],"collection":[{"href":"https:\/\/meskreasbudget.fr\/accueil-2\/wp-json\/wp\/v2\/product"}],"about":[{"href":"https:\/\/meskreasbudget.fr\/accueil-2\/wp-json\/wp\/v2\/types\/product"}],"replies":[{"embeddable":true,"href":"https:\/\/meskreasbudget.fr\/accueil-2\/wp-json\/wp\/v2\/comments?post=7058"}],"version-history":[{"count":1,"href":"https:\/\/meskreasbudget.fr\/accueil-2\/wp-json\/wp\/v2\/product\/7058\/revisions"}],"predecessor-version":[{"id":7059,"href":"https:\/\/meskreasbudget.fr\/accueil-2\/wp-json\/wp\/v2\/product\/7058\/revisions\/7059"}],"wp:featuredmedia":[{"embeddable":true,"href":"https:\/\/meskreasbudget.fr\/accueil-2\/wp-json\/wp\/v2\/media\/6890"}],"wp:attachment":[{"href":"https:\/\/meskreasbudget.fr\/accueil-2\/wp-json\/wp\/v2\/media?parent=7058"}],"wp:term":[{"taxonomy":"product_brand","embeddable":true,"href":"https:\/\/meskreasbudget.fr\/accueil-2\/wp-json\/wp\/v2\/product_brand?post=7058"},{"taxonomy":"product_cat","embeddable":true,"href":"https:\/\/meskreasbudget.fr\/accueil-2\/wp-json\/wp\/v2\/product_cat?post=7058"},{"taxonomy":"product_tag","embeddable":true,"href":"https:\/\/meskreasbudget.fr\/accueil-2\/wp-json\/wp\/v2\/product_tag?post=7058"}],"curies":[{"name":"wp","href":"https:\/\/api.w.org\/{rel}","templated":true}]}}