{"id":7053,"date":"2025-05-31T14:15:38","date_gmt":"2025-05-31T14:15:38","guid":{"rendered":"https:\/\/meskreasbudget.fr\/?post_type=product&#038;p=7053"},"modified":"2025-05-31T14:29:04","modified_gmt":"2025-05-31T14:29:04","slug":"meskreasbudget-tracker-a6-pdf","status":"publish","type":"product","link":"https:\/\/meskreasbudget.fr\/accueil-2\/produit\/meskreasbudget-tracker-a6-pdf\/","title":{"rendered":"Meskreasbudget Tracker A6 PDF"},"content":{"rendered":"<p><strong>Prenez le contr\u00f4le de votre budget avec \u00e9l\u00e9gance et d\u00e9termination avec ce tracker Meskreasbudget<\/strong>\ud83d\udc96<\/p>\n<h4>Parce que g\u00e9rer son budget, c\u2019est aussi une affaire de style !<\/h4>\n<p>Prenez les r\u00eanes de vos finances avec ces <strong>trackers sp\u00e9cialement con\u00e7us pour vous<\/strong> ! \ud83c\udf80\ud83d\udcb0<\/p>\n<p>Inspir\u00e9s par la force, l\u2019ind\u00e9pendance et l\u2019\u00e9l\u00e9gance, ces trackers vous aident \u00e0 suivre vos d\u00e9penses, organiser vos \u00e9conomies et atteindre vos objectifs financiers avec s\u00e9r\u00e9nit\u00e9.<\/p>\n<p><strong>Caract\u00e9ristiques :<\/strong><\/p>\n<ul>\n<li>Format : 8 \u00d7 16 cm, parfait pour \u00eatre gliss\u00e9 dans une enveloppe plastique.<\/li>\n<li>Impression recommand\u00e9e sur papier haute qualit\u00e9 (minimum 120g) pour une durabilit\u00e9 optimale.<\/li>\n<li>Possibilit\u00e9 de plastifier pour un rendu encore plus solide et \u00e9l\u00e9gant.<\/li>\n<\/ul>\n<p><strong>Pratique et ludique !<\/strong> Suivez vos d\u00e9p\u00f4ts, d\u00e9penses et soldes avec simplicit\u00e9 tout en profitant d&rsquo;un design enchanteur qui \u00e9gayera votre routine budg\u00e9taire. Personnalisez chaque tracker en y inscrivant la cat\u00e9gorie de votre choix.<\/p>\n<p><strong>T\u00e9l\u00e9chargement imm\u00e9diat !<\/strong> Apr\u00e8s votre commande, acc\u00e9dez instantan\u00e9ment au fichier PDF et imprimez-le autant de fois que n\u00e9cessaire.<\/p>\n<p><strong>Contenu du PDF :<\/strong> \u2714 Instructions d\u00e9taill\u00e9es \u2714 3 trackers pr\u00eats \u00e0 \u00eatre imprim\u00e9s recto verso<\/p>\n<p>\ud83d\udca1 <strong>Pourquoi les adopter ?<\/strong> \u2705 Un design raffin\u00e9 et inspirant \u2705 Un outil pratique pour suivre vos soldes et d\u00e9penses \u2705 Format id\u00e9al pour vos enveloppes budget<\/p>\n<p>Parce que chaque femme m\u00e9rite un budget bien organis\u00e9 et un avenir financier serein avec ce tracker Meskreasbudget ! \ud83d\udc95\u2728<\/p>\n","protected":false},"excerpt":{"rendered":"<p><strong>Prenez le contr\u00f4le de votre budget avec \u00e9l\u00e9gance et d\u00e9termination avec ce tracker Meskreasbudget<\/strong>\u00a0\ud83d\udc96<\/p>\n<h4>Parce que g\u00e9rer son budget, c\u2019est aussi une affaire de style !<\/h4>\n<p>Prenez les r\u00eanes de vos finances avec ces <strong>trackers sp\u00e9cialement con\u00e7us pour vous<\/strong> ! \ud83c\udf80\ud83d\udcb0<\/p>\n<p>Inspir\u00e9s par la force, l\u2019ind\u00e9pendance et l\u2019\u00e9l\u00e9gance, ces trackers vous aident \u00e0 suivre vos d\u00e9penses, organiser vos \u00e9conomies et atteindre vos objectifs financiers avec s\u00e9r\u00e9nit\u00e9.<\/p>\n<p><strong>Caract\u00e9ristiques :<\/strong><\/p>\n<ul>\n<li>Format : 8 \u00d7 16 cm, parfait pour \u00eatre gliss\u00e9 dans une enveloppe plastique.<\/li>\n<li>Impression recommand\u00e9e sur papier haute qualit\u00e9 (minimum 120g) pour une durabilit\u00e9 optimale.<\/li>\n<li>Possibilit\u00e9 de plastifier pour un rendu encore plus solide et \u00e9l\u00e9gant.<\/li>\n<\/ul>\n<p><strong>Pratique et ludique !<\/strong> Suivez vos d\u00e9p\u00f4ts, d\u00e9penses et soldes avec simplicit\u00e9 tout en profitant d&rsquo;un design enchanteur qui \u00e9gayera votre routine budg\u00e9taire. Personnalisez chaque tracker en y inscrivant la cat\u00e9gorie de votre choix.<\/p>\n<p><strong>T\u00e9l\u00e9chargement imm\u00e9diat !<\/strong> Apr\u00e8s votre commande, acc\u00e9dez instantan\u00e9ment au fichier PDF et imprimez-le autant de fois que n\u00e9cessaire.<\/p>\n<p><strong>Contenu du PDF :<\/strong> \u2714 Instructions d\u00e9taill\u00e9es \u2714 3 trackers pr\u00eats \u00e0 \u00eatre imprim\u00e9s recto verso<\/p>\n<p>\ud83d\udca1 <strong>Pourquoi les adopter ?<\/strong> \u2705 Un design raffin\u00e9 et inspirant \u2705 Un outil pratique pour suivre vos soldes et d\u00e9penses \u2705 Format id\u00e9al pour vos enveloppes budget<\/p>\n<p>Parce que chaque femme m\u00e9rite un budget bien organis\u00e9 et un avenir financier serein avec ce tracker Meskreasbudget ! \ud83d\udc95\u2728<\/p>\n","protected":false},"featured_media":6892,"comment_status":"open","ping_status":"closed","template":"","meta":{"iawp_total_views":9},"product_brand":[],"product_cat":[108],"product_tag":[101,124,142,123],"class_list":{"0":"post-7053","1":"product","2":"type-product","3":"status-publish","4":"has-post-thumbnail","6":"product_cat-numerique","7":"product_tag-enveloppe","8":"product_tag-page-garde","9":"product_tag-pdf","10":"product_tag-tracker","12":"first","13":"instock","14":"downloadable","15":"shipping-taxable","16":"purchasable","17":"product-type-simple"},"aioseo_notices":[],"_links":{"self":[{"href":"https:\/\/meskreasbudget.fr\/accueil-2\/wp-json\/wp\/v2\/product\/7053","targetHints":{"allow":["GET"]}}],"collection":[{"href":"https:\/\/meskreasbudget.fr\/accueil-2\/wp-json\/wp\/v2\/product"}],"about":[{"href":"https:\/\/meskreasbudget.fr\/accueil-2\/wp-json\/wp\/v2\/types\/product"}],"replies":[{"embeddable":true,"href":"https:\/\/meskreasbudget.fr\/accueil-2\/wp-json\/wp\/v2\/comments?post=7053"}],"version-history":[{"count":1,"href":"https:\/\/meskreasbudget.fr\/accueil-2\/wp-json\/wp\/v2\/product\/7053\/revisions"}],"predecessor-version":[{"id":7055,"href":"https:\/\/meskreasbudget.fr\/accueil-2\/wp-json\/wp\/v2\/product\/7053\/revisions\/7055"}],"wp:featuredmedia":[{"embeddable":true,"href":"https:\/\/meskreasbudget.fr\/accueil-2\/wp-json\/wp\/v2\/media\/6892"}],"wp:attachment":[{"href":"https:\/\/meskreasbudget.fr\/accueil-2\/wp-json\/wp\/v2\/media?parent=7053"}],"wp:term":[{"taxonomy":"product_brand","embeddable":true,"href":"https:\/\/meskreasbudget.fr\/accueil-2\/wp-json\/wp\/v2\/product_brand?post=7053"},{"taxonomy":"product_cat","embeddable":true,"href":"https:\/\/meskreasbudget.fr\/accueil-2\/wp-json\/wp\/v2\/product_cat?post=7053"},{"taxonomy":"product_tag","embeddable":true,"href":"https:\/\/meskreasbudget.fr\/accueil-2\/wp-json\/wp\/v2\/product_tag?post=7053"}],"curies":[{"name":"wp","href":"https:\/\/api.w.org\/{rel}","templated":true}]}}