{"id":7035,"date":"2025-05-31T13:45:31","date_gmt":"2025-05-31T13:45:31","guid":{"rendered":"https:\/\/meskreasbudget.fr\/?post_type=product&#038;p=7035"},"modified":"2025-05-31T14:18:28","modified_gmt":"2025-05-31T14:18:28","slug":"poufsouffle-h-p-tracker-a6-pdf","status":"publish","type":"product","link":"https:\/\/meskreasbudget.fr\/accueil-2\/produit\/poufsouffle-h-p-tracker-a6-pdf\/","title":{"rendered":"Poufsouffle H.P Tracker A6 PDF"},"content":{"rendered":"<p><strong>Poufsouffle s\u2019invite dans votre budget !<\/strong> <strong>\u00a0d\u00e9termination et gestion budg\u00e9taire !<\/strong><\/p>\n<p>La gestion budg\u00e9taire avec patience et d\u00e9vouement d\u2019un v\u00e9ritable Poufsouffle !<\/p>\n<p>Ces trackers inspir\u00e9s de la maison Jaune et or vous aideront \u00e0 suivre vos d\u00e9penses, organiser vos \u00e9conomies et g\u00e9rer vos finances\u00a0 .<\/p>\n<p><strong>Caract\u00e9ristiques :<\/strong><\/p>\n<ul>\n<li>Format : 8 \u00d7 16 cm, parfait pour \u00eatre gliss\u00e9 dans une enveloppe plastique.<\/li>\n<li>Impression recommand\u00e9e sur papier haute qualit\u00e9 (minimum 120g) pour une durabilit\u00e9 optimale.<\/li>\n<li>Possibilit\u00e9 de plastifier pour un rendu encore plus solide et \u00e9l\u00e9gant.<\/li>\n<\/ul>\n<p><strong>Pratique et ludique !<\/strong> Suivez vos d\u00e9p\u00f4ts, d\u00e9penses et soldes avec simplicit\u00e9 tout en profitant d&rsquo;un design enchanteur qui \u00e9gayera votre routine budg\u00e9taire. Personnalisez chaque tracker en y inscrivant la cat\u00e9gorie de votre choix.<\/p>\n<p><strong>T\u00e9l\u00e9chargement imm\u00e9diat !<\/strong> Apr\u00e8s votre commande, acc\u00e9dez instantan\u00e9ment au fichier PDF et imprimez-le autant de fois que n\u00e9cessaire.<\/p>\n<p><strong>Contenu du PDF :<\/strong> \u2714 Instructions d\u00e9taill\u00e9es \u2714 3 trackers pr\u00eats \u00e0 \u00eatre imprim\u00e9s recto verso<\/p>\n<p>\u2728 <strong>Pourquoi l\u2019adopter ?<\/strong> \u2705 Un design magique aux couleurs de Poufsouffle \u2705 Suivi facile des d\u00e9p\u00f4ts, d\u00e9penses et soldes \u2705 Format id\u00e9al pour s\u2019adapter aux enveloppes budget<\/p>\n<p>Avec ces trackers, chaque choix financier devient une aventure digne des plus grands sorciers !<\/p>\n","protected":false},"excerpt":{"rendered":"<p><strong>Poufsouffle s\u2019invite dans votre budget !<\/strong> <strong>\u00a0d\u00e9termination et gestion budg\u00e9taire !<\/strong><\/p>\n<p>La gestion budg\u00e9taire avec patience et d\u00e9vouement d\u2019un v\u00e9ritable Poufsouffle !<\/p>\n<p>Ces trackers inspir\u00e9s de la maison rouge et or vous aideront \u00e0 suivre vos d\u00e9penses, organiser vos \u00e9conomies et g\u00e9rer vos finances avec audace .<\/p>\n<p><strong>Caract\u00e9ristiques :<\/strong><\/p>\n<ul>\n<li>Format : 8 \u00d7 16 cm, parfait pour \u00eatre gliss\u00e9 dans une enveloppe plastique.<\/li>\n<li>Impression recommand\u00e9e sur papier haute qualit\u00e9 (minimum 120g) pour une durabilit\u00e9 optimale.<\/li>\n<li>Possibilit\u00e9 de plastifier pour un rendu encore plus solide et \u00e9l\u00e9gant.<\/li>\n<\/ul>\n<p><strong>Pratique et ludique !<\/strong> Suivez vos d\u00e9p\u00f4ts, d\u00e9penses et soldes avec simplicit\u00e9 tout en profitant d&rsquo;un design enchanteur qui \u00e9gayera votre routine budg\u00e9taire. Personnalisez chaque tracker en y inscrivant la cat\u00e9gorie de votre choix.<\/p>\n<p><strong>T\u00e9l\u00e9chargement imm\u00e9diat !<\/strong> Apr\u00e8s votre commande, acc\u00e9dez instantan\u00e9ment au fichier PDF et imprimez-le autant de fois que n\u00e9cessaire.<\/p>\n<p><strong>Contenu du PDF :<\/strong> \u2714 Instructions d\u00e9taill\u00e9es \u2714 3 trackers pr\u00eats \u00e0 \u00eatre imprim\u00e9s recto verso<\/p>\n<p>\u2728 <strong>Pourquoi l\u2019adopter ?<\/strong> \u2705 Un design magique aux couleurs de Poufsouffle \u2705 Suivi facile des d\u00e9p\u00f4ts, d\u00e9penses et soldes \u2705 Format id\u00e9al pour s\u2019adapter aux enveloppes budget<\/p>\n<p>Avec ces trackers, chaque choix financier devient une aventure digne des plus grands sorciers !<\/p>\n","protected":false},"featured_media":6897,"comment_status":"open","ping_status":"closed","template":"","meta":{"iawp_total_views":6},"product_brand":[],"product_cat":[108],"product_tag":[101,124,142,123],"class_list":{"0":"post-7035","1":"product","2":"type-product","3":"status-publish","4":"has-post-thumbnail","6":"product_cat-numerique","7":"product_tag-enveloppe","8":"product_tag-page-garde","9":"product_tag-pdf","10":"product_tag-tracker","12":"first","13":"instock","14":"downloadable","15":"shipping-taxable","16":"purchasable","17":"product-type-simple"},"aioseo_notices":[],"_links":{"self":[{"href":"https:\/\/meskreasbudget.fr\/accueil-2\/wp-json\/wp\/v2\/product\/7035","targetHints":{"allow":["GET"]}}],"collection":[{"href":"https:\/\/meskreasbudget.fr\/accueil-2\/wp-json\/wp\/v2\/product"}],"about":[{"href":"https:\/\/meskreasbudget.fr\/accueil-2\/wp-json\/wp\/v2\/types\/product"}],"replies":[{"embeddable":true,"href":"https:\/\/meskreasbudget.fr\/accueil-2\/wp-json\/wp\/v2\/comments?post=7035"}],"version-history":[{"count":2,"href":"https:\/\/meskreasbudget.fr\/accueil-2\/wp-json\/wp\/v2\/product\/7035\/revisions"}],"predecessor-version":[{"id":7054,"href":"https:\/\/meskreasbudget.fr\/accueil-2\/wp-json\/wp\/v2\/product\/7035\/revisions\/7054"}],"wp:featuredmedia":[{"embeddable":true,"href":"https:\/\/meskreasbudget.fr\/accueil-2\/wp-json\/wp\/v2\/media\/6897"}],"wp:attachment":[{"href":"https:\/\/meskreasbudget.fr\/accueil-2\/wp-json\/wp\/v2\/media?parent=7035"}],"wp:term":[{"taxonomy":"product_brand","embeddable":true,"href":"https:\/\/meskreasbudget.fr\/accueil-2\/wp-json\/wp\/v2\/product_brand?post=7035"},{"taxonomy":"product_cat","embeddable":true,"href":"https:\/\/meskreasbudget.fr\/accueil-2\/wp-json\/wp\/v2\/product_cat?post=7035"},{"taxonomy":"product_tag","embeddable":true,"href":"https:\/\/meskreasbudget.fr\/accueil-2\/wp-json\/wp\/v2\/product_tag?post=7035"}],"curies":[{"name":"wp","href":"https:\/\/api.w.org\/{rel}","templated":true}]}}