{"id":6982,"date":"2025-05-26T17:22:08","date_gmt":"2025-05-26T17:22:08","guid":{"rendered":"https:\/\/meskreasbudget.fr\/?post_type=product&#038;p=6982"},"modified":"2025-05-26T17:23:52","modified_gmt":"2025-05-26T17:23:52","slug":"page-de-garde-a7-caricature-pharmacie","status":"publish","type":"product","link":"https:\/\/meskreasbudget.fr\/accueil-2\/produit\/page-de-garde-a7-caricature-pharmacie\/","title":{"rendered":"Page de Garde A7 Caricature Pharmacie"},"content":{"rendered":"<p>Ajoutez de la beaut\u00e9 \u00e0 votre routine budg\u00e9taire , gr\u00e2ce au design style Caricature Pharmacie .<\/p>\n<p>Pour embellir votre classeur et vos enveloppes au format A7 . Je vous propose ce magnifique pages de garde pour vos enveloppes budget.<\/p>\n<p>Imprim\u00e9 sur du papier de haute qualit\u00e9 et plastifi\u00e9 , il offre un toucher doux et brillant .\u00a0 Id\u00e9al pour r\u00e9utiliser \u00e0 votre guise .<\/p>\n<p>Dimensions : 6,5 cm \u00d7 12 cm Plastifi\u00e9 .<\/p>\n<p>Sa taille est id\u00e9ale pour le glisser dans un classeur budg\u00e9taire Format A7.<\/p>\n<p>Il s&rsquo;int\u00e8grent dans les enveloppes zip A7 .<\/p>\n<p>Veuillez noter que le tout est cr\u00e9\u00e9 et emball\u00e9 \u00e0 la main par mes soins.<\/p>\n<p>il peut donc y avoir de petites variations.<br \/>\nEn raison des diff\u00e9rentes r\u00e9solutions et param\u00e8tres d&rsquo;\u00e9cran, les couleurs peuvent diff\u00e9rer entre l&rsquo;\u00e9cran et le produit r\u00e9ceptionn\u00e9.<\/p>\n<p>Si vous avez des questions, n&rsquo;h\u00e9sitez pas \u00e0 me contacter. Je serai heureuse de vous aider!<\/p>\n<p>Pour un usage personnel uniquement. Veuillez ne pas copier, reproduire ou distribuer comme votre propre travail.<\/p>\n","protected":false},"excerpt":{"rendered":"<p>Ajoutez de la beaut\u00e9 \u00e0 votre routine budg\u00e9taire , gr\u00e2ce au design style Caricature Pharmacie .<\/p>\n<p>Pour embellir votre classeur et vos enveloppes au format A7 . Je vous propose ce magnifique pages de garde pour vos enveloppes budget.<\/p>\n<p>Imprim\u00e9 sur du papier de haute qualit\u00e9 et plastifi\u00e9 , il offre un toucher doux et brillant .\u00a0 Id\u00e9al pour r\u00e9utiliser \u00e0 votre guise .<\/p>\n<p>Dimensions : 6,5 cm \u00d7 12 cm Plastifi\u00e9 .<\/p>\n<p>Sa taille est id\u00e9ale pour le glisser dans un classeur budg\u00e9taire Format A7.<\/p>\n<p>Il s&rsquo;int\u00e8grent dans les enveloppes zip A7 .<\/p>\n<p>Veuillez noter que le tout est cr\u00e9\u00e9 et emball\u00e9 \u00e0 la main par mes soins.<\/p>\n","protected":false},"featured_media":6964,"comment_status":"open","ping_status":"closed","template":"","meta":{"iawp_total_views":4},"product_brand":[],"product_cat":[85,89],"product_tag":[101,124,123],"class_list":{"0":"post-6982","1":"product","2":"type-product","3":"status-publish","4":"has-post-thumbnail","6":"product_cat-trackers-enveloppes","7":"product_cat-pages-de-garde","8":"product_tag-enveloppe","9":"product_tag-page-garde","10":"product_tag-tracker","12":"first","13":"instock","14":"shipping-taxable","15":"purchasable","16":"product-type-simple"},"aioseo_notices":[],"_links":{"self":[{"href":"https:\/\/meskreasbudget.fr\/accueil-2\/wp-json\/wp\/v2\/product\/6982","targetHints":{"allow":["GET"]}}],"collection":[{"href":"https:\/\/meskreasbudget.fr\/accueil-2\/wp-json\/wp\/v2\/product"}],"about":[{"href":"https:\/\/meskreasbudget.fr\/accueil-2\/wp-json\/wp\/v2\/types\/product"}],"replies":[{"embeddable":true,"href":"https:\/\/meskreasbudget.fr\/accueil-2\/wp-json\/wp\/v2\/comments?post=6982"}],"version-history":[{"count":1,"href":"https:\/\/meskreasbudget.fr\/accueil-2\/wp-json\/wp\/v2\/product\/6982\/revisions"}],"predecessor-version":[{"id":6983,"href":"https:\/\/meskreasbudget.fr\/accueil-2\/wp-json\/wp\/v2\/product\/6982\/revisions\/6983"}],"wp:featuredmedia":[{"embeddable":true,"href":"https:\/\/meskreasbudget.fr\/accueil-2\/wp-json\/wp\/v2\/media\/6964"}],"wp:attachment":[{"href":"https:\/\/meskreasbudget.fr\/accueil-2\/wp-json\/wp\/v2\/media?parent=6982"}],"wp:term":[{"taxonomy":"product_brand","embeddable":true,"href":"https:\/\/meskreasbudget.fr\/accueil-2\/wp-json\/wp\/v2\/product_brand?post=6982"},{"taxonomy":"product_cat","embeddable":true,"href":"https:\/\/meskreasbudget.fr\/accueil-2\/wp-json\/wp\/v2\/product_cat?post=6982"},{"taxonomy":"product_tag","embeddable":true,"href":"https:\/\/meskreasbudget.fr\/accueil-2\/wp-json\/wp\/v2\/product_tag?post=6982"}],"curies":[{"name":"wp","href":"https:\/\/api.w.org\/{rel}","templated":true}]}}