{"id":6948,"date":"2025-05-26T16:21:31","date_gmt":"2025-05-26T16:21:31","guid":{"rendered":"https:\/\/meskreasbudget.fr\/?post_type=product&#038;p=6948"},"modified":"2025-05-26T16:26:44","modified_gmt":"2025-05-26T16:26:44","slug":"tracker-bisounours","status":"publish","type":"product","link":"https:\/\/meskreasbudget.fr\/accueil-2\/produit\/tracker-bisounours\/","title":{"rendered":"Page de Garde &#8211; Tracker Bisounours"},"content":{"rendered":"<p>Ajoutez de la beaut\u00e9 \u00e0 votre routine budg\u00e9taire , gr\u00e2ce au design style\u00a0Bisounours<\/p>\n<p>Pour embellir votre classeur et vos enveloppes au format A6 . Je vous propose ce magnifique pages de garde &#8211; tracker\u00a0 pour vos enveloppes budget.<\/p>\n<p>Imprim\u00e9 sur du papier de haute qualit\u00e9 et plastifi\u00e9 , il offre un toucher doux et brillant .\u00a0 Id\u00e9al pour r\u00e9utiliser \u00e0 votre guise .<br \/>\nSuivez facilement les d\u00e9p\u00f4ts, les d\u00e9penses et les soldes tout en profitant d&rsquo;un charmant design qui \u00e9gayera votre suivi budg\u00e9taire. Inscrivez sur le tracker le nom de la cat\u00e9gorie de votre choix .<\/p>\n<p>Dimensions : 8 \u00d7 16 cm Plastifi\u00e9 avec Tracker au dos<\/p>\n<p>Sa taille est id\u00e9ale pour le glisser dans un\u00a0classeur budg\u00e9taire Format A6.<\/p>\n<p>Il s&rsquo;int\u00e8grent dans les enveloppes zip A6 .<\/p>\n<p>Veuillez noter que le tout est cr\u00e9\u00e9 et emball\u00e9 \u00e0 la main par mes soins.<\/p>\n<p>il peut donc y avoir de petites variations.<br \/>\nEn raison des diff\u00e9rentes r\u00e9solutions et param\u00e8tres d&rsquo;\u00e9cran, les couleurs peuvent diff\u00e9rer entre l&rsquo;\u00e9cran et le produit r\u00e9ceptionn\u00e9.<\/p>\n<p>Si vous avez des questions, n&rsquo;h\u00e9sitez pas \u00e0 me contacter. Je serai heureuse de vous aider!<\/p>\n<p>Pour un usage personnel uniquement. Veuillez ne pas copier, reproduire ou distribuer comme votre propre travail.<\/p>\n","protected":false},"excerpt":{"rendered":"<p>Ajoutez de la beaut\u00e9 \u00e0 votre routine budg\u00e9taire\u00a0 , gr\u00e2ce au design style Bisounours<\/p>\n<p>Pour embellir votre classeur et vos enveloppes au format A6 . Je vous propose ce magnifique pages de garde &#8211; tracker\u00a0 pour vos enveloppes budget.<\/p>\n<p>Imprim\u00e9 sur du papier de haute qualit\u00e9 et plastifi\u00e9 , il offre un toucher doux et brillant .\u00a0 Id\u00e9al pour r\u00e9utiliser \u00e0 votre guise .<br \/>\nSuivez facilement les d\u00e9p\u00f4ts, les d\u00e9penses et les soldes tout en profitant d&rsquo;un charmant design qui \u00e9gayera votre suivi budg\u00e9taire. Inscrivez sur le tracker le nom de la cat\u00e9gorie de votre choix .<\/p>\n<p>Dimensions : 8 \u00d7 16 cm<\/p>\n<p>Sa taille est id\u00e9ale pour le glisser dans une enveloppe plastique .<\/p>\n","protected":false},"featured_media":6929,"comment_status":"open","ping_status":"closed","template":"","meta":{"iawp_total_views":16},"product_brand":[],"product_cat":[120,85],"product_tag":[101,124,123],"class_list":{"0":"post-6948","1":"product","2":"type-product","3":"status-publish","4":"has-post-thumbnail","6":"product_cat-trackers-budget","7":"product_cat-trackers-enveloppes","8":"product_tag-enveloppe","9":"product_tag-page-garde","10":"product_tag-tracker","12":"first","13":"instock","14":"shipping-taxable","15":"purchasable","16":"product-type-simple"},"aioseo_notices":[],"_links":{"self":[{"href":"https:\/\/meskreasbudget.fr\/accueil-2\/wp-json\/wp\/v2\/product\/6948","targetHints":{"allow":["GET"]}}],"collection":[{"href":"https:\/\/meskreasbudget.fr\/accueil-2\/wp-json\/wp\/v2\/product"}],"about":[{"href":"https:\/\/meskreasbudget.fr\/accueil-2\/wp-json\/wp\/v2\/types\/product"}],"replies":[{"embeddable":true,"href":"https:\/\/meskreasbudget.fr\/accueil-2\/wp-json\/wp\/v2\/comments?post=6948"}],"version-history":[{"count":1,"href":"https:\/\/meskreasbudget.fr\/accueil-2\/wp-json\/wp\/v2\/product\/6948\/revisions"}],"predecessor-version":[{"id":6949,"href":"https:\/\/meskreasbudget.fr\/accueil-2\/wp-json\/wp\/v2\/product\/6948\/revisions\/6949"}],"wp:featuredmedia":[{"embeddable":true,"href":"https:\/\/meskreasbudget.fr\/accueil-2\/wp-json\/wp\/v2\/media\/6929"}],"wp:attachment":[{"href":"https:\/\/meskreasbudget.fr\/accueil-2\/wp-json\/wp\/v2\/media?parent=6948"}],"wp:term":[{"taxonomy":"product_brand","embeddable":true,"href":"https:\/\/meskreasbudget.fr\/accueil-2\/wp-json\/wp\/v2\/product_brand?post=6948"},{"taxonomy":"product_cat","embeddable":true,"href":"https:\/\/meskreasbudget.fr\/accueil-2\/wp-json\/wp\/v2\/product_cat?post=6948"},{"taxonomy":"product_tag","embeddable":true,"href":"https:\/\/meskreasbudget.fr\/accueil-2\/wp-json\/wp\/v2\/product_tag?post=6948"}],"curies":[{"name":"wp","href":"https:\/\/api.w.org\/{rel}","templated":true}]}}