{"id":6899,"date":"2025-05-26T14:22:06","date_gmt":"2025-05-26T14:22:06","guid":{"rendered":"https:\/\/meskreasbudget.fr\/?post_type=product&#038;p=6899"},"modified":"2025-05-26T14:26:47","modified_gmt":"2025-05-26T14:26:47","slug":"tracker-bebe-groot","status":"publish","type":"product","link":"https:\/\/meskreasbudget.fr\/accueil-2\/produit\/tracker-bebe-groot\/","title":{"rendered":"Page de Garde &#8211; Tracker B\u00e9b\u00e9 Groot A6"},"content":{"rendered":"<p>Ajoutez de la beaut\u00e9 \u00e0 votre routine budg\u00e9taire\u00a0 , gr\u00e2ce au design style\u00a0B\u00e9b\u00e9 Groot<\/p>\n<p>Pour embellir votre classeur et vos enveloppes au format A6 . Je vous propose ce magnifique pages de garde &#8211; tracker\u00a0 pour vos enveloppes budget.<\/p>\n<p>Imprim\u00e9 sur du papier de haute qualit\u00e9 et plastifi\u00e9 , il offre un toucher doux et brillant .\u00a0 Id\u00e9al pour r\u00e9utiliser \u00e0 votre guise .<br \/>\nSuivez facilement les d\u00e9p\u00f4ts, les d\u00e9penses et les soldes tout en profitant d&rsquo;un charmant design qui \u00e9gayera votre suivi budg\u00e9taire. Inscrivez sur le tracker le nom de la cat\u00e9gorie de votre choix .<\/p>\n<p>Dimensions : 8 \u00d7 16 cm<\/p>\n<p>Sa taille est id\u00e9ale pour le glisser dans une enveloppe plastique .<\/p>\n","protected":false},"excerpt":{"rendered":"<p>Ajoutez de la beaut\u00e9 \u00e0 votre routine budg\u00e9taire\u00a0 , gr\u00e2ce au design style\u00a0B\u00e9b\u00e9 Groot<\/p>\n<p>Pour embellir votre classeur et vos enveloppes au format A6 . Je vous propose ce magnifique pages de garde &#8211; tracker\u00a0 pour vos enveloppes budget.<\/p>\n<p>Imprim\u00e9 sur du papier de haute qualit\u00e9 et plastifi\u00e9 , il offre un toucher doux et brillant .\u00a0 Id\u00e9al pour r\u00e9utiliser \u00e0 votre guise .<br \/>\nSuivez facilement les d\u00e9p\u00f4ts, les d\u00e9penses et les soldes tout en profitant d&rsquo;un charmant design qui \u00e9gayera votre suivi budg\u00e9taire. Inscrivez sur le tracker le nom de la cat\u00e9gorie de votre choix .<\/p>\n<p>Dimensions : 8 \u00d7 16 cm<\/p>\n<p>Sa taille est id\u00e9ale pour le glisser dans une enveloppe plastique .<\/p>\n<p>&nbsp;<\/p>\n","protected":false},"featured_media":6886,"comment_status":"open","ping_status":"closed","template":"","meta":{"iawp_total_views":6},"product_brand":[],"product_cat":[120,85],"product_tag":[101,124,123],"class_list":{"0":"post-6899","1":"product","2":"type-product","3":"status-publish","4":"has-post-thumbnail","6":"product_cat-trackers-budget","7":"product_cat-trackers-enveloppes","8":"product_tag-enveloppe","9":"product_tag-page-garde","10":"product_tag-tracker","12":"first","13":"instock","14":"shipping-taxable","15":"purchasable","16":"product-type-simple"},"aioseo_notices":[],"_links":{"self":[{"href":"https:\/\/meskreasbudget.fr\/accueil-2\/wp-json\/wp\/v2\/product\/6899","targetHints":{"allow":["GET"]}}],"collection":[{"href":"https:\/\/meskreasbudget.fr\/accueil-2\/wp-json\/wp\/v2\/product"}],"about":[{"href":"https:\/\/meskreasbudget.fr\/accueil-2\/wp-json\/wp\/v2\/types\/product"}],"replies":[{"embeddable":true,"href":"https:\/\/meskreasbudget.fr\/accueil-2\/wp-json\/wp\/v2\/comments?post=6899"}],"version-history":[{"count":1,"href":"https:\/\/meskreasbudget.fr\/accueil-2\/wp-json\/wp\/v2\/product\/6899\/revisions"}],"predecessor-version":[{"id":6900,"href":"https:\/\/meskreasbudget.fr\/accueil-2\/wp-json\/wp\/v2\/product\/6899\/revisions\/6900"}],"wp:featuredmedia":[{"embeddable":true,"href":"https:\/\/meskreasbudget.fr\/accueil-2\/wp-json\/wp\/v2\/media\/6886"}],"wp:attachment":[{"href":"https:\/\/meskreasbudget.fr\/accueil-2\/wp-json\/wp\/v2\/media?parent=6899"}],"wp:term":[{"taxonomy":"product_brand","embeddable":true,"href":"https:\/\/meskreasbudget.fr\/accueil-2\/wp-json\/wp\/v2\/product_brand?post=6899"},{"taxonomy":"product_cat","embeddable":true,"href":"https:\/\/meskreasbudget.fr\/accueil-2\/wp-json\/wp\/v2\/product_cat?post=6899"},{"taxonomy":"product_tag","embeddable":true,"href":"https:\/\/meskreasbudget.fr\/accueil-2\/wp-json\/wp\/v2\/product_tag?post=6899"}],"curies":[{"name":"wp","href":"https:\/\/api.w.org\/{rel}","templated":true}]}}