{"id":6662,"date":"2025-05-14T16:13:27","date_gmt":"2025-05-14T16:13:27","guid":{"rendered":"https:\/\/meskreasbudget.fr\/?post_type=product&#038;p=6662"},"modified":"2025-06-01T08:10:28","modified_gmt":"2025-06-01T08:10:28","slug":"stylo-bambou-personnalisable","status":"publish","type":"product","link":"https:\/\/meskreasbudget.fr\/accueil-2\/produit\/stylo-bambou-personnalisable\/","title":{"rendered":"Stylo Bambou Personnalisable"},"content":{"rendered":"<p class=\"cvGsUA direction-ltr align-center para-style-body\"><span class=\"OYPEnA font-feature-liga-off font-feature-clig-off font-feature-calt-off text-decoration-none text-strikethrough-none\">Stylo Bambou<\/span><span class=\"OYPEnA font-feature-liga-off font-feature-clig-off font-feature-calt-off text-decoration-none text-strikethrough-none\"> \u00e0 bille \u00e0 personnaliser.<\/span><\/p>\n<p class=\"cvGsUA direction-ltr align-center para-style-body\"><span class=\"OYPEnA font-feature-liga-off font-feature-clig-off font-feature-calt-off text-decoration-none text-strikethrough-none\">L&rsquo;encre est de couleur noire. Vendu \u00e0 l\u2019unit\u00e9<\/span><\/p>\n<p class=\"cvGsUA align-center para-style-body direction-ltr\"><span class=\"OYPEnA\">Je grave votre pr\u00e9nom , phrase , <\/span><span class=\"OYPEnA text-strikethrough-none text-decoration-none font-feature-calt-off font-feature-clig-off font-feature-liga-off\">le nom de votre entreprise, une expression, un jeu de mots, une blague,&#8230; (Attention a l&rsquo;orthographe je ne corrig\u00e9 pas les fautes, je grave le texte indiqu\u00e9 )<\/span><\/p>\n<p class=\"cvGsUA direction-ltr align-center para-style-body\"><span class=\"OYPEnA font-feature-liga-off font-feature-clig-off font-feature-calt-off text-decoration-none text-strikethrough-none\">Cadeau id\u00e9al pour des \u00e9v\u00e9nements sp\u00e9ciaux, comme une naissance, un bapt\u00eame, un mariage, No\u00ebl ou m\u00eame pour un secret santa<\/span><span class=\"OYPEnA font-feature-liga-off font-feature-clig-off font-feature-calt-off text-decoration-none text-strikethrough-none\"> ou toutes autres f\u00eates .<\/span><\/p>\n<p class=\"cvGsUA direction-ltr align-center para-style-body\"><span class=\"OYPEnA font-feature-liga-off font-feature-clig-off font-feature-calt-off text-decoration-none text-strikethrough-none\">Grav\u00e9 dans notre atelier dans le var<\/span><\/p>\n<p class=\"cvGsUA direction-ltr align-center para-style-body\"><span class=\"OYPEnA font-feature-liga-off font-feature-clig-off font-feature-calt-off text-decoration-none text-strikethrough-none\">La gravure peut \u00eatre r\u00e9alis\u00e9 recto\/verso il suffit de me le pr\u00e9ciser dans la personnalisation<\/span><\/p>\n","protected":false},"excerpt":{"rendered":"<p class=\"cvGsUA direction-ltr align-center para-style-body\"><span class=\"OYPEnA font-feature-liga-off font-feature-clig-off font-feature-calt-off text-decoration-none text-strikethrough-none\">Stylo Bambou<\/span><span class=\"OYPEnA font-feature-liga-off font-feature-clig-off font-feature-calt-off text-decoration-none text-strikethrough-none\"> \u00e0 bille \u00e0 personnaliser.<\/span><\/p>\n<p class=\"cvGsUA direction-ltr align-center para-style-body\"><span class=\"OYPEnA font-feature-liga-off font-feature-clig-off font-feature-calt-off text-decoration-none text-strikethrough-none\">L&rsquo;encre est de couleur noire. Vendu \u00e0 l\u2019unit\u00e9<\/span><\/p>\n<p class=\"cvGsUA align-center para-style-body direction-ltr\"><span class=\"OYPEnA\">Je grave votre pr\u00e9nom , phrase , <\/span><span class=\"OYPEnA text-strikethrough-none text-decoration-none font-feature-calt-off font-feature-clig-off font-feature-liga-off\">le nom de votre entreprise, une expression, un jeu de mots, une blague,&#8230; (Attention a l&rsquo;orthographe je ne corrig\u00e9 pas les fautes, je grave le texte indiqu\u00e9 )<\/span><\/p>\n<p class=\"cvGsUA direction-ltr align-center para-style-body\"><span class=\"OYPEnA font-feature-liga-off font-feature-clig-off font-feature-calt-off text-decoration-none text-strikethrough-none\">Cadeau id\u00e9al pour des \u00e9v\u00e9nements sp\u00e9ciaux, comme une naissance, un bapt\u00eame, un mariage, No\u00ebl ou m\u00eame pour un secret santa<\/span><span class=\"OYPEnA font-feature-liga-off font-feature-clig-off font-feature-calt-off text-decoration-none text-strikethrough-none\"> ou toutes autres f\u00eates .<\/span><\/p>\n<p class=\"cvGsUA direction-ltr align-center para-style-body\"><span class=\"OYPEnA font-feature-liga-off font-feature-clig-off font-feature-calt-off text-decoration-none text-strikethrough-none\">Grav\u00e9 dans notre atelier dans le var<\/span><\/p>\n<p class=\"cvGsUA direction-ltr align-center para-style-body\"><span class=\"OYPEnA font-feature-liga-off font-feature-clig-off font-feature-calt-off text-decoration-none text-strikethrough-none\">La gravure peut \u00eatre r\u00e9alis\u00e9 recto\/verso il suffit de me le pr\u00e9ciser dans la personnalisation<\/span><\/p>\n","protected":false},"featured_media":6648,"comment_status":"open","ping_status":"closed","template":"","meta":{"iawp_total_views":3},"product_brand":[],"product_cat":[106,87],"product_tag":[110,117,109,118],"class_list":{"0":"post-6662","1":"product","2":"type-product","3":"status-publish","4":"has-post-thumbnail","6":"product_cat-accessoires","7":"product_cat-papeterie","8":"product_tag-carnet","9":"product_tag-stylo","10":"product_tag-to-do-list","11":"product_tag-trombone","12":"wcpa_has_options","14":"first","15":"instock","16":"shipping-taxable","17":"purchasable","18":"product-type-simple"},"aioseo_notices":[],"_links":{"self":[{"href":"https:\/\/meskreasbudget.fr\/accueil-2\/wp-json\/wp\/v2\/product\/6662","targetHints":{"allow":["GET"]}}],"collection":[{"href":"https:\/\/meskreasbudget.fr\/accueil-2\/wp-json\/wp\/v2\/product"}],"about":[{"href":"https:\/\/meskreasbudget.fr\/accueil-2\/wp-json\/wp\/v2\/types\/product"}],"replies":[{"embeddable":true,"href":"https:\/\/meskreasbudget.fr\/accueil-2\/wp-json\/wp\/v2\/comments?post=6662"}],"version-history":[{"count":2,"href":"https:\/\/meskreasbudget.fr\/accueil-2\/wp-json\/wp\/v2\/product\/6662\/revisions"}],"predecessor-version":[{"id":7017,"href":"https:\/\/meskreasbudget.fr\/accueil-2\/wp-json\/wp\/v2\/product\/6662\/revisions\/7017"}],"wp:featuredmedia":[{"embeddable":true,"href":"https:\/\/meskreasbudget.fr\/accueil-2\/wp-json\/wp\/v2\/media\/6648"}],"wp:attachment":[{"href":"https:\/\/meskreasbudget.fr\/accueil-2\/wp-json\/wp\/v2\/media?parent=6662"}],"wp:term":[{"taxonomy":"product_brand","embeddable":true,"href":"https:\/\/meskreasbudget.fr\/accueil-2\/wp-json\/wp\/v2\/product_brand?post=6662"},{"taxonomy":"product_cat","embeddable":true,"href":"https:\/\/meskreasbudget.fr\/accueil-2\/wp-json\/wp\/v2\/product_cat?post=6662"},{"taxonomy":"product_tag","embeddable":true,"href":"https:\/\/meskreasbudget.fr\/accueil-2\/wp-json\/wp\/v2\/product_tag?post=6662"}],"curies":[{"name":"wp","href":"https:\/\/api.w.org\/{rel}","templated":true}]}}