{"id":6656,"date":"2025-05-14T15:36:53","date_gmt":"2025-05-14T15:36:53","guid":{"rendered":"https:\/\/meskreasbudget.fr\/?post_type=product&#038;p=6656"},"modified":"2025-05-14T16:15:18","modified_gmt":"2025-05-14T16:15:18","slug":"porte-stylo-trombone-creatif","status":"publish","type":"product","link":"https:\/\/meskreasbudget.fr\/accueil-2\/produit\/porte-stylo-trombone-creatif\/","title":{"rendered":"Porte-Stylo Trombone Cr\u00e9atif"},"content":{"rendered":"<h3 class=\"cvGsUA direction-ltr align-center para-style-body\"><span class=\"OYPEnA font-feature-liga-off font-feature-clig-off font-feature-calt-off text-decoration-none text-strikethrough-none\">Porte-stylo trombone cr\u00e9atif<\/span><\/h3>\n<p>Vendu \u00e0 l&rsquo;unit\u00e9 2 coloris au choix ( Dor\u00e9 ou Argent\u00e9 ) Taille : 7 cm X 2 cm X 1 cm<\/p>\n<p class=\"cvGsUA direction-ltr align-center para-style-body\"><span class=\"OYPEnA font-feature-liga-off font-feature-clig-off font-feature-calt-off text-decoration-none text-strikethrough-none\">Il est stable et ne tombe pas facilement.<\/span> <span class=\"OYPEnA font-feature-liga-off font-feature-clig-off font-feature-calt-off text-decoration-none text-strikethrough-none\">Le clip peut s&rsquo;adapter \u00e0 n&rsquo;importe quelle taille de stylo.<\/span><\/p>\n<p class=\"cvGsUA direction-ltr align-center para-style-body\"><span class=\"OYPEnA font-feature-liga-off font-feature-clig-off font-feature-calt-off text-decoration-none text-strikethrough-none\">Ce porte-stylo facile \u00e0 utiliser, il peut vous aider \u00e0 fixer le stylo sur des cahiers, des factures, des re\u00e7us ou des cartes postales.<\/span><\/p>\n<p class=\"cvGsUA direction-ltr align-center para-style-body\"><span class=\"OYPEnA font-feature-liga-off font-feature-clig-off font-feature-calt-off text-decoration-none text-strikethrough-none\">Ils servent \u00e9galement de marque-pages, ajoutent une touche Classe \u00e0 votre carnet et facilitent l&rsquo;\u00e9criture et le dessin avec votre stylo pr\u00e9f\u00e9r\u00e9.<\/span><\/p>\n<p class=\"cvGsUA direction-ltr align-center para-style-body\"><span class=\"OYPEnA font-feature-liga-off font-feature-clig-off font-feature-calt-off text-decoration-none text-strikethrough-none\">Le porte-stylo trombone peut \u00eatre accroch\u00e9 sur les poches de v\u00eatements, les classeurs et les presse-papiers. c&rsquo;est un incontournable pour les cahiers, manuels, calendriers, planificateurs, dossiers, etc.<\/span><\/p>\n","protected":false},"excerpt":{"rendered":"<h3 class=\"cvGsUA direction-ltr align-center para-style-body\"><span class=\"OYPEnA font-feature-liga-off font-feature-clig-off font-feature-calt-off text-decoration-none text-strikethrough-none\">Porte-stylo trombone cr\u00e9atif<\/span><\/h3>\n<p>Vendu \u00e0 l&rsquo;unit\u00e9 2 coloris au choix ( Dor\u00e9 ou Argent\u00e9 ) Taille : 7 cm X 2 cm X 1 cm<\/p>\n<p class=\"cvGsUA direction-ltr align-center para-style-body\"><span class=\"OYPEnA font-feature-liga-off font-feature-clig-off font-feature-calt-off text-decoration-none text-strikethrough-none\">Il est stable et ne tombe pas facilement.<\/span> <span class=\"OYPEnA font-feature-liga-off font-feature-clig-off font-feature-calt-off text-decoration-none text-strikethrough-none\">Le clip peut s&rsquo;adapter \u00e0 n&rsquo;importe quelle taille de stylo.<\/span><\/p>\n<p class=\"cvGsUA direction-ltr align-center para-style-body\"><span class=\"OYPEnA font-feature-liga-off font-feature-clig-off font-feature-calt-off text-decoration-none text-strikethrough-none\">Ce porte-stylo facile \u00e0 utiliser, il peut vous aider \u00e0 fixer le stylo sur des cahiers, des factures, des re\u00e7us ou des cartes postales.<\/span><\/p>\n<p class=\"cvGsUA direction-ltr align-center para-style-body\"><span class=\"OYPEnA font-feature-liga-off font-feature-clig-off font-feature-calt-off text-decoration-none text-strikethrough-none\">Ils servent \u00e9galement de marque-pages, ajoutent une touche Classe \u00e0 votre carnet et facilitent l&rsquo;\u00e9criture et le dessin avec votre stylo pr\u00e9f\u00e9r\u00e9.<\/span><\/p>\n<p class=\"cvGsUA direction-ltr align-center para-style-body\"><span class=\"OYPEnA font-feature-liga-off font-feature-clig-off font-feature-calt-off text-decoration-none text-strikethrough-none\">Le porte-stylo trombone peut \u00eatre accroch\u00e9 sur les poches de v\u00eatements, les classeurs et les presse-papiers. c&rsquo;est un incontournable pour les cahiers, manuels, calendriers, planificateurs, dossiers, etc.<\/span><\/p>\n","protected":false},"featured_media":6633,"comment_status":"open","ping_status":"closed","template":"","meta":{"iawp_total_views":0},"product_brand":[],"product_cat":[106,87],"product_tag":[],"class_list":{"0":"post-6656","1":"product","2":"type-product","3":"status-publish","4":"has-post-thumbnail","6":"product_cat-accessoires","7":"product_cat-papeterie","8":"wcpa_has_options","10":"first","11":"instock","12":"shipping-taxable","13":"purchasable","14":"product-type-variable"},"aioseo_notices":[],"_links":{"self":[{"href":"https:\/\/meskreasbudget.fr\/accueil-2\/wp-json\/wp\/v2\/product\/6656","targetHints":{"allow":["GET"]}}],"collection":[{"href":"https:\/\/meskreasbudget.fr\/accueil-2\/wp-json\/wp\/v2\/product"}],"about":[{"href":"https:\/\/meskreasbudget.fr\/accueil-2\/wp-json\/wp\/v2\/types\/product"}],"replies":[{"embeddable":true,"href":"https:\/\/meskreasbudget.fr\/accueil-2\/wp-json\/wp\/v2\/comments?post=6656"}],"version-history":[{"count":1,"href":"https:\/\/meskreasbudget.fr\/accueil-2\/wp-json\/wp\/v2\/product\/6656\/revisions"}],"predecessor-version":[{"id":6659,"href":"https:\/\/meskreasbudget.fr\/accueil-2\/wp-json\/wp\/v2\/product\/6656\/revisions\/6659"}],"wp:featuredmedia":[{"embeddable":true,"href":"https:\/\/meskreasbudget.fr\/accueil-2\/wp-json\/wp\/v2\/media\/6633"}],"wp:attachment":[{"href":"https:\/\/meskreasbudget.fr\/accueil-2\/wp-json\/wp\/v2\/media?parent=6656"}],"wp:term":[{"taxonomy":"product_brand","embeddable":true,"href":"https:\/\/meskreasbudget.fr\/accueil-2\/wp-json\/wp\/v2\/product_brand?post=6656"},{"taxonomy":"product_cat","embeddable":true,"href":"https:\/\/meskreasbudget.fr\/accueil-2\/wp-json\/wp\/v2\/product_cat?post=6656"},{"taxonomy":"product_tag","embeddable":true,"href":"https:\/\/meskreasbudget.fr\/accueil-2\/wp-json\/wp\/v2\/product_tag?post=6656"}],"curies":[{"name":"wp","href":"https:\/\/api.w.org\/{rel}","templated":true}]}}