{"id":6654,"date":"2025-05-14T15:07:47","date_gmt":"2025-05-14T15:07:47","guid":{"rendered":"https:\/\/meskreasbudget.fr\/?post_type=product&#038;p=6654"},"modified":"2025-05-14T15:15:22","modified_gmt":"2025-05-14T15:15:22","slug":"trombones-creatifs-eclair","status":"publish","type":"product","link":"https:\/\/meskreasbudget.fr\/accueil-2\/produit\/trombones-creatifs-eclair\/","title":{"rendered":"Trombones Cr\u00e9atifs Eclair"},"content":{"rendered":"<h3 class=\"cvGsUA direction-ltr align-center para-style-body\"><span class=\"OYPEnA font-feature-liga-off font-feature-clig-off font-feature-calt-off text-decoration-none text-strikethrough-none\">Trombones Cr\u00e9atifs Eclair<\/span><\/h3>\n<p>Trombones vendu a l&rsquo;unit\u00e9 , couleur al\u00e9atoire (<span class=\"OYPEnA font-feature-liga-off font-feature-clig-off font-feature-calt-off text-decoration-none text-strikethrough-none\">vert , rouge , jaune , dor\u00e9 , violet , bleu , argent\u00e9, rose)<\/span><\/p>\n<p class=\"cvGsUA direction-ltr align-center para-style-body\"><span class=\"OYPEnA font-feature-liga-off font-feature-clig-off font-feature-calt-off text-decoration-none text-strikethrough-none\">Nos trombones de bureau ont un design en forme d&rsquo;\u00e9clair .<\/span><\/p>\n<p class=\"cvGsUA direction-ltr align-center para-style-body\"><span class=\"OYPEnA font-feature-liga-off font-feature-clig-off font-feature-calt-off text-decoration-none text-strikethrough-none\">Ce qui rend l\u2019utilisation plus amusante et agr\u00e9able<\/span><\/p>\n<p class=\"cvGsUA direction-ltr align-center para-style-body\"><span class=\"OYPEnA font-feature-liga-off font-feature-clig-off font-feature-calt-off text-decoration-none text-strikethrough-none\">En m\u00e9tal color\u00e9 vert , rouge , jaune , dor\u00e9 , violet , bleu , argent\u00e9, rose , robuste et durable \u00e0 l\u2019utilisation<\/span><\/p>\n<p class=\"cvGsUA direction-ltr align-center para-style-body\"><span class=\"OYPEnA font-feature-liga-off font-feature-clig-off font-feature-calt-off text-decoration-none text-strikethrough-none\">Ces trombones de bureau sont parfaits pour organiser des documents, des bricolages, des livres de d\u00e9coration, des photos, des affiches, des documents, des factures, etc. \u00e0 la maison, \u00e0 l&rsquo;\u00e9cole ou au bureau, etc.<\/span><\/p>\n<p class=\"cvGsUA align-center para-style-body direction-ltr\"><span class=\"OYPEnA font-feature-liga-off font-feature-clig-off font-feature-calt-off text-decoration-none text-strikethrough-none\">Taille 3 cm x 1,5 cm<\/span><\/p>\n<p class=\"cvGsUA direction-ltr align-center para-style-body\">\n","protected":false},"excerpt":{"rendered":"<h3 class=\"cvGsUA direction-ltr align-center para-style-body\"><span class=\"OYPEnA font-feature-liga-off font-feature-clig-off font-feature-calt-off text-decoration-none text-strikethrough-none\">Trombones Cr\u00e9atifs Eclair<\/span><\/h3>\n<p>Trombones vendu a l&rsquo;unit\u00e9 , couleur al\u00e9atoire (<span class=\"OYPEnA font-feature-liga-off font-feature-clig-off font-feature-calt-off text-decoration-none text-strikethrough-none\">vert , rouge , jaune , dor\u00e9 , violet , bleu , argent\u00e9, rose)<\/span><\/p>\n<p class=\"cvGsUA direction-ltr align-center para-style-body\"><span class=\"OYPEnA font-feature-liga-off font-feature-clig-off font-feature-calt-off text-decoration-none text-strikethrough-none\">Nos trombones de bureau ont un design en forme d&rsquo;\u00e9clair .<\/span><\/p>\n<p class=\"cvGsUA direction-ltr align-center para-style-body\"><span class=\"OYPEnA font-feature-liga-off font-feature-clig-off font-feature-calt-off text-decoration-none text-strikethrough-none\">Ce qui rend l\u2019utilisation plus amusante et agr\u00e9able<\/span><\/p>\n<p class=\"cvGsUA direction-ltr align-center para-style-body\"><span class=\"OYPEnA font-feature-liga-off font-feature-clig-off font-feature-calt-off text-decoration-none text-strikethrough-none\">En m\u00e9tal color\u00e9 vert , rouge , jaune , dor\u00e9 , violet , bleu , argent\u00e9, rose , robuste et durable \u00e0 l\u2019utilisation<\/span><\/p>\n<p class=\"cvGsUA direction-ltr align-center para-style-body\"><span class=\"OYPEnA font-feature-liga-off font-feature-clig-off font-feature-calt-off text-decoration-none text-strikethrough-none\">Ces trombones de bureau sont parfaits pour organiser des documents, des bricolages, des livres de d\u00e9coration, des photos, des affiches, des documents, des factures, etc. \u00e0 la maison, \u00e0 l&rsquo;\u00e9cole ou au bureau, etc.<\/span><\/p>\n<p class=\"cvGsUA align-center para-style-body direction-ltr\"><span class=\"OYPEnA font-feature-liga-off font-feature-clig-off font-feature-calt-off text-decoration-none text-strikethrough-none\">Taille 3 cm x 1,5 cm<\/span><\/p>\n","protected":false},"featured_media":6641,"comment_status":"open","ping_status":"closed","template":"","meta":{"iawp_total_views":4},"product_brand":[],"product_cat":[106,87],"product_tag":[],"class_list":{"0":"post-6654","1":"product","2":"type-product","3":"status-publish","4":"has-post-thumbnail","6":"product_cat-accessoires","7":"product_cat-papeterie","8":"wcpa_has_options","10":"first","11":"instock","12":"shipping-taxable","13":"purchasable","14":"product-type-simple"},"aioseo_notices":[],"_links":{"self":[{"href":"https:\/\/meskreasbudget.fr\/accueil-2\/wp-json\/wp\/v2\/product\/6654","targetHints":{"allow":["GET"]}}],"collection":[{"href":"https:\/\/meskreasbudget.fr\/accueil-2\/wp-json\/wp\/v2\/product"}],"about":[{"href":"https:\/\/meskreasbudget.fr\/accueil-2\/wp-json\/wp\/v2\/types\/product"}],"replies":[{"embeddable":true,"href":"https:\/\/meskreasbudget.fr\/accueil-2\/wp-json\/wp\/v2\/comments?post=6654"}],"version-history":[{"count":1,"href":"https:\/\/meskreasbudget.fr\/accueil-2\/wp-json\/wp\/v2\/product\/6654\/revisions"}],"predecessor-version":[{"id":6655,"href":"https:\/\/meskreasbudget.fr\/accueil-2\/wp-json\/wp\/v2\/product\/6654\/revisions\/6655"}],"wp:featuredmedia":[{"embeddable":true,"href":"https:\/\/meskreasbudget.fr\/accueil-2\/wp-json\/wp\/v2\/media\/6641"}],"wp:attachment":[{"href":"https:\/\/meskreasbudget.fr\/accueil-2\/wp-json\/wp\/v2\/media?parent=6654"}],"wp:term":[{"taxonomy":"product_brand","embeddable":true,"href":"https:\/\/meskreasbudget.fr\/accueil-2\/wp-json\/wp\/v2\/product_brand?post=6654"},{"taxonomy":"product_cat","embeddable":true,"href":"https:\/\/meskreasbudget.fr\/accueil-2\/wp-json\/wp\/v2\/product_cat?post=6654"},{"taxonomy":"product_tag","embeddable":true,"href":"https:\/\/meskreasbudget.fr\/accueil-2\/wp-json\/wp\/v2\/product_tag?post=6654"}],"curies":[{"name":"wp","href":"https:\/\/api.w.org\/{rel}","templated":true}]}}