{"id":6650,"date":"2025-05-14T14:46:14","date_gmt":"2025-05-14T14:46:14","guid":{"rendered":"https:\/\/meskreasbudget.fr\/?post_type=product&#038;p=6650"},"modified":"2025-05-14T14:58:44","modified_gmt":"2025-05-14T14:58:44","slug":"trombones-creatifs-chauve-souris","status":"publish","type":"product","link":"https:\/\/meskreasbudget.fr\/accueil-2\/produit\/trombones-creatifs-chauve-souris\/","title":{"rendered":"Trombones Cr\u00e9atifs Chauve-Souris"},"content":{"rendered":"<h3 class=\"cvGsUA direction-ltr align-center para-style-body\"><span class=\"OYPEnA font-feature-liga-off font-feature-clig-off font-feature-calt-off text-decoration-none text-strikethrough-none\">Trombones Cr\u00e9atifs Chauve-Souris<\/span><\/h3>\n<p>Trombones chauve-souris vendu a l&rsquo;unit\u00e9<\/p>\n<p class=\"cvGsUA direction-ltr align-center para-style-body\"><span class=\"OYPEnA font-feature-liga-off font-feature-clig-off font-feature-calt-off text-decoration-none text-strikethrough-none\">Nos trombones de bureau ont un design en forme de Chauve-Souris .<\/span><\/p>\n<p class=\"cvGsUA direction-ltr align-center para-style-body\"><span class=\"OYPEnA font-feature-liga-off font-feature-clig-off font-feature-calt-off text-decoration-none text-strikethrough-none\">Ce qui rend l\u2019utilisation plus amusante et agr\u00e9able<\/span><\/p>\n<p class=\"cvGsUA direction-ltr align-center para-style-body\"><span class=\"OYPEnA font-feature-liga-off font-feature-clig-off font-feature-calt-off text-decoration-none text-strikethrough-none\">En m\u00e9tal color\u00e9 Noir , robuste et durable \u00e0 l\u2019utilisation<\/span><\/p>\n<p class=\"cvGsUA direction-ltr align-center para-style-body\"><span class=\"OYPEnA font-feature-liga-off font-feature-clig-off font-feature-calt-off text-decoration-none text-strikethrough-none\">Ces trombones de bureau sont parfaits pour organiser des documents, des bricolages, des livres de d\u00e9coration, des photos, des affiches, des documents, des factures, etc. \u00e0 la maison, \u00e0 l&rsquo;\u00e9cole ou au bureau, etc.<\/span><\/p>\n<p class=\"cvGsUA align-center para-style-body direction-ltr\"><span class=\"OYPEnA font-feature-liga-off font-feature-clig-off font-feature-calt-off text-decoration-none text-strikethrough-none\">Taille 4 cm x 2 cm<\/span><\/p>\n<p class=\"cvGsUA direction-ltr align-center para-style-body\">\n","protected":false},"excerpt":{"rendered":"<h3 class=\"cvGsUA direction-ltr align-center para-style-body\"><span class=\"OYPEnA font-feature-liga-off font-feature-clig-off font-feature-calt-off text-decoration-none text-strikethrough-none\">Trombones Cr\u00e9atifs Chauve-Souris<\/span><\/h3>\n<p>Trombones chauve-souris vendu a l&rsquo;unit\u00e9<\/p>\n<p class=\"cvGsUA direction-ltr align-center para-style-body\"><span class=\"OYPEnA font-feature-liga-off font-feature-clig-off font-feature-calt-off text-decoration-none text-strikethrough-none\">Nos trombones de bureau ont un design en forme de Chauve-Souris .<\/span><\/p>\n<p class=\"cvGsUA direction-ltr align-center para-style-body\"><span class=\"OYPEnA font-feature-liga-off font-feature-clig-off font-feature-calt-off text-decoration-none text-strikethrough-none\">Ce qui rend l\u2019utilisation plus amusante et agr\u00e9able<\/span><\/p>\n<p class=\"cvGsUA direction-ltr align-center para-style-body\"><span class=\"OYPEnA font-feature-liga-off font-feature-clig-off font-feature-calt-off text-decoration-none text-strikethrough-none\">En m\u00e9tal color\u00e9 Noir , robuste et durable \u00e0 l\u2019utilisation<\/span><\/p>\n<p class=\"cvGsUA direction-ltr align-center para-style-body\"><span class=\"OYPEnA font-feature-liga-off font-feature-clig-off font-feature-calt-off text-decoration-none text-strikethrough-none\">Ces trombones de bureau sont parfaits pour organiser des documents, des bricolages, des livres de d\u00e9coration, des photos, des affiches, des documents, des factures, etc. \u00e0 la maison, \u00e0 l&rsquo;\u00e9cole ou au bureau, etc.<\/span><\/p>\n<p class=\"cvGsUA align-center para-style-body direction-ltr\"><span class=\"OYPEnA font-feature-liga-off font-feature-clig-off font-feature-calt-off text-decoration-none text-strikethrough-none\">Taille 4 cm x 2 cm<\/span><\/p>\n","protected":false},"featured_media":6645,"comment_status":"open","ping_status":"closed","template":"","meta":{"iawp_total_views":2},"product_brand":[],"product_cat":[106,87],"product_tag":[],"class_list":{"0":"post-6650","1":"product","2":"type-product","3":"status-publish","4":"has-post-thumbnail","6":"product_cat-accessoires","7":"product_cat-papeterie","8":"wcpa_has_options","10":"first","11":"instock","12":"shipping-taxable","13":"purchasable","14":"product-type-simple"},"aioseo_notices":[],"_links":{"self":[{"href":"https:\/\/meskreasbudget.fr\/accueil-2\/wp-json\/wp\/v2\/product\/6650","targetHints":{"allow":["GET"]}}],"collection":[{"href":"https:\/\/meskreasbudget.fr\/accueil-2\/wp-json\/wp\/v2\/product"}],"about":[{"href":"https:\/\/meskreasbudget.fr\/accueil-2\/wp-json\/wp\/v2\/types\/product"}],"replies":[{"embeddable":true,"href":"https:\/\/meskreasbudget.fr\/accueil-2\/wp-json\/wp\/v2\/comments?post=6650"}],"version-history":[{"count":1,"href":"https:\/\/meskreasbudget.fr\/accueil-2\/wp-json\/wp\/v2\/product\/6650\/revisions"}],"predecessor-version":[{"id":6651,"href":"https:\/\/meskreasbudget.fr\/accueil-2\/wp-json\/wp\/v2\/product\/6650\/revisions\/6651"}],"wp:featuredmedia":[{"embeddable":true,"href":"https:\/\/meskreasbudget.fr\/accueil-2\/wp-json\/wp\/v2\/media\/6645"}],"wp:attachment":[{"href":"https:\/\/meskreasbudget.fr\/accueil-2\/wp-json\/wp\/v2\/media?parent=6650"}],"wp:term":[{"taxonomy":"product_brand","embeddable":true,"href":"https:\/\/meskreasbudget.fr\/accueil-2\/wp-json\/wp\/v2\/product_brand?post=6650"},{"taxonomy":"product_cat","embeddable":true,"href":"https:\/\/meskreasbudget.fr\/accueil-2\/wp-json\/wp\/v2\/product_cat?post=6650"},{"taxonomy":"product_tag","embeddable":true,"href":"https:\/\/meskreasbudget.fr\/accueil-2\/wp-json\/wp\/v2\/product_tag?post=6650"}],"curies":[{"name":"wp","href":"https:\/\/api.w.org\/{rel}","templated":true}]}}