{"id":6127,"date":"2025-05-08T07:31:37","date_gmt":"2025-05-08T07:31:37","guid":{"rendered":"https:\/\/meskreasbudget.fr\/?post_type=product&#038;p=6127"},"modified":"2025-05-14T10:18:48","modified_gmt":"2025-05-14T10:18:48","slug":"defis-theme-voiture","status":"publish","type":"product","link":"https:\/\/meskreasbudget.fr\/accueil-2\/produit\/defis-theme-voiture\/","title":{"rendered":"D\u00e9fis th\u00e8me Voiture 1\u20ac &#8211; 2\u20ac &#8211; 5\u20ac"},"content":{"rendered":"<p>Vous \u00eates en fin de semaine et il vous reste 1 euro , 2 euro , 5 euro ?<\/p>\n<p>Ce d\u00e9fi th\u00e8me Voiture est fait pour vous ! Replissez le a votre rythme , M\u00e9fiez-vous, cela peut vite monter !!!<\/p>\n<p>Chaque fois que vous ins\u00e9rez le montant dans une enveloppe \u00a0( ou pochette vendu sur ce site ) ,coloriez la bulle .<\/p>\n<p>Epargnez en toute simplicit\u00e9 et avec joie avec ce tracker .<\/p>\n<p>ce challenge est imprim\u00e9 recto \/ verso sur du papier 160 g et plastifi\u00e9 . ( donc r\u00e9utilisable )<\/p>\n<p>Dimensions : 15,5 cm x 8 cm , facile a ins\u00e9rer dans une enveloppe A6<\/p>\n<p><strong>Cet article a \u00e9t\u00e9 cr\u00e9\u00e9 , imprim\u00e9 et plastifi\u00e9 par mes soins aux Arcs ( 83 )<\/strong><\/p>\n<p>Toute reproduction est interdite , droits a l&rsquo;image<\/p>\n","protected":false},"excerpt":{"rendered":"<p>Vous \u00eates en fin de semaine et il vous reste 1 euro , 2 euro , 5 euro ?<\/p>\n<p>Ce d\u00e9fi th\u00e8me Voiture est fait pour vous ! Replissez le a votre rythme , M\u00e9fiez-vous, cela peut vite monter !!!<\/p>\n<p>Chaque fois que vous ins\u00e9rez le montant dans une enveloppe \u00a0( ou pochette vendu sur ce site ) ,coloriez la bulle .<\/p>\n<p>Epargnez en toute simplicit\u00e9 et avec joie avec ce tracker .<\/p>\n<p>Si vous vous lancez tout juste dans le syst\u00e8me des enveloppes et que vous cherchez des d\u00e9fis faciles \u00e0 relever pour commencer \u00e0 \u00e9pargner, c&rsquo;est certainement ce tracker qu&rsquo;il vous faut.<\/p>\n<p>Grace \u00e0 nos designs , vous allez \u00e9pargner avec un immense plaisir .<\/p>\n<p>Lorsque vous aurez fini , cela signifiera que vous aurez \u00e9pargn\u00e9 le montant indiqu\u00e9 . Ensuite vous pouvez effacer et recommencer \u00e0 nouveau.<\/p>\n<p>ce challenge est imprim\u00e9 recto \/ verso sur du papier 160 g et plastifi\u00e9 . ( donc r\u00e9utilisable )<\/p>\n<p>Dimensions : 15,5 cm x 8 cm , facile a ins\u00e9rer dans une enveloppe A6<\/p>\n<p><strong>Cet article a \u00e9t\u00e9 cr\u00e9\u00e9 , imprim\u00e9 et plastifi\u00e9 par mes soins aux Arcs ( 83 )<\/strong><\/p>\n<p>Toute reproduction est interdite , droits a l&rsquo;image<\/p>\n","protected":false},"featured_media":6160,"comment_status":"open","ping_status":"closed","template":"","meta":{"iawp_total_views":0},"product_brand":[],"product_cat":[102,88],"product_tag":[98,96,101,97],"class_list":{"0":"post-6127","1":"product","2":"type-product","3":"status-publish","4":"has-post-thumbnail","6":"product_cat-defis-1-2-5-e","7":"product_cat-defis-budget","8":"product_tag-defis","9":"product_tag-defis-budget","10":"product_tag-enveloppe","11":"product_tag-trackers","13":"first","14":"instock","15":"featured","16":"shipping-taxable","17":"purchasable","18":"product-type-variable"},"aioseo_notices":[],"_links":{"self":[{"href":"https:\/\/meskreasbudget.fr\/accueil-2\/wp-json\/wp\/v2\/product\/6127","targetHints":{"allow":["GET"]}}],"collection":[{"href":"https:\/\/meskreasbudget.fr\/accueil-2\/wp-json\/wp\/v2\/product"}],"about":[{"href":"https:\/\/meskreasbudget.fr\/accueil-2\/wp-json\/wp\/v2\/types\/product"}],"replies":[{"embeddable":true,"href":"https:\/\/meskreasbudget.fr\/accueil-2\/wp-json\/wp\/v2\/comments?post=6127"}],"version-history":[{"count":3,"href":"https:\/\/meskreasbudget.fr\/accueil-2\/wp-json\/wp\/v2\/product\/6127\/revisions"}],"predecessor-version":[{"id":6556,"href":"https:\/\/meskreasbudget.fr\/accueil-2\/wp-json\/wp\/v2\/product\/6127\/revisions\/6556"}],"wp:featuredmedia":[{"embeddable":true,"href":"https:\/\/meskreasbudget.fr\/accueil-2\/wp-json\/wp\/v2\/media\/6160"}],"wp:attachment":[{"href":"https:\/\/meskreasbudget.fr\/accueil-2\/wp-json\/wp\/v2\/media?parent=6127"}],"wp:term":[{"taxonomy":"product_brand","embeddable":true,"href":"https:\/\/meskreasbudget.fr\/accueil-2\/wp-json\/wp\/v2\/product_brand?post=6127"},{"taxonomy":"product_cat","embeddable":true,"href":"https:\/\/meskreasbudget.fr\/accueil-2\/wp-json\/wp\/v2\/product_cat?post=6127"},{"taxonomy":"product_tag","embeddable":true,"href":"https:\/\/meskreasbudget.fr\/accueil-2\/wp-json\/wp\/v2\/product_tag?post=6127"}],"curies":[{"name":"wp","href":"https:\/\/api.w.org\/{rel}","templated":true}]}}