{"id":6088,"date":"2025-05-08T06:22:12","date_gmt":"2025-05-08T06:22:12","guid":{"rendered":"https:\/\/meskreasbudget.fr\/?post_type=product&#038;p=6088"},"modified":"2025-05-14T16:47:03","modified_gmt":"2025-05-14T16:47:03","slug":"tracker-electromenager-meubles","status":"publish","type":"product","link":"https:\/\/meskreasbudget.fr\/accueil-2\/produit\/tracker-electromenager-meubles\/","title":{"rendered":"Tracker Electrom\u00e9nager Meubles ,plastifi\u00e9"},"content":{"rendered":"<p>Voici un tracker pour \u00e9conomiser pour vos futurs achats Electrom\u00e9nager , meubles .<\/p>\n<p>indiquez le montant total a \u00e9conomiser , divisez le par le nombre de symboles .<\/p>\n<p>Chaque fois que vous ins\u00e9rez le montant dans une enveloppe \u00a0( ou pochette vendu sur ce site ) ,coloriez le symbole .<\/p>\n<p>Epargnez en toute simplicit\u00e9 et avec joie avec ce tracker .<\/p>\n<p>Si vous vous lancez tout juste dans le syst\u00e8me des enveloppes et que vous cherchez des d\u00e9fis faciles \u00e0 relever pour commencer \u00e0 \u00e9pargner, c&rsquo;est certainement ce tracker qu&rsquo;il vous faut.<\/p>\n<p>Grace \u00e0 nos designs , vous allez \u00e9pargner avec un immense plaisir .<\/p>\n<p>Lorsque vous aurez fini , cela signifiera que vous aurez \u00e9pargn\u00e9 le montant dont vous souhaiter . Ensuite vous pouvez effacer et recommencer \u00e0 nouveau.<\/p>\n<p>ce challenge est imprim\u00e9 recto \/ verso sur du papier 160 g et plastifi\u00e9 . ( donc r\u00e9utilisable )<\/p>\n<p>Dimensions : 15,5 cm x 8 cm , facile a ins\u00e9rer dans une enveloppe A6<\/p>\n<p><strong>Cet article a \u00e9t\u00e9 cr\u00e9\u00e9 , imprim\u00e9 et plastifi\u00e9 par mes soins aux Arcs ( 83 )<\/strong><\/p>\n<p>Toute reproduction est interdite , droits a l&rsquo;image<\/p>\n","protected":false},"excerpt":{"rendered":"<p>Voici un tracker pour \u00e9conomiser pour vos futurs achats Electrom\u00e9nager Meubles .<\/p>\n<p>indiquez le montant total a \u00e9conomiser , divisez le par le nombre de symboles .<\/p>\n<p>Chaque fois que vous ins\u00e9rez le montant dans une enveloppe \u00a0( ou pochette vendu sur ce site ) ,coloriez le symbole .<\/p>\n<p>Epargnez en toute simplicit\u00e9 et avec joie avec ce tracker .<\/p>\n<p>Si vous vous lancez tout juste dans le syst\u00e8me des enveloppes et que vous cherchez des d\u00e9fis faciles \u00e0 relever pour commencer \u00e0 \u00e9pargner, c&rsquo;est certainement ce tracker qu&rsquo;il vous faut.<\/p>\n<p>Grace \u00e0 nos designs , vous allez \u00e9pargner avec un immense plaisir .<\/p>\n<p>Lorsque vous aurez fini , cela signifiera que vous aurez \u00e9pargn\u00e9 le montant dont vous souhaiter . Ensuite vous pouvez effacer et recommencer \u00e0 nouveau.<\/p>\n<p>ce challenge est imprim\u00e9 recto \/ verso sur du papier 160 g et plastifi\u00e9 . ( donc r\u00e9utilisable )<\/p>\n<p>Dimensions : 15,5 cm x 8 cm , facile a ins\u00e9rer dans une enveloppe A6<\/p>\n<p><strong>Cet article a \u00e9t\u00e9 cr\u00e9\u00e9 , imprim\u00e9 et plastifi\u00e9 par mes soins aux Arcs ( 83 )<\/strong><\/p>\n<p>Toute reproduction est interdite , droits a l&rsquo;image<\/p>\n","protected":false},"featured_media":5972,"comment_status":"open","ping_status":"closed","template":"","meta":{"iawp_total_views":1},"product_brand":[],"product_cat":[103,85,88],"product_tag":[98,96,101,97],"class_list":{"0":"post-6088","1":"product","2":"type-product","3":"status-publish","4":"has-post-thumbnail","6":"product_cat-defis-categories","7":"product_cat-trackers-enveloppes","8":"product_cat-defis-budget","9":"product_tag-defis","10":"product_tag-defis-budget","11":"product_tag-enveloppe","12":"product_tag-trackers","14":"first","15":"instock","16":"featured","17":"shipping-taxable","18":"purchasable","19":"product-type-simple"},"aioseo_notices":[],"_links":{"self":[{"href":"https:\/\/meskreasbudget.fr\/accueil-2\/wp-json\/wp\/v2\/product\/6088","targetHints":{"allow":["GET"]}}],"collection":[{"href":"https:\/\/meskreasbudget.fr\/accueil-2\/wp-json\/wp\/v2\/product"}],"about":[{"href":"https:\/\/meskreasbudget.fr\/accueil-2\/wp-json\/wp\/v2\/types\/product"}],"replies":[{"embeddable":true,"href":"https:\/\/meskreasbudget.fr\/accueil-2\/wp-json\/wp\/v2\/comments?post=6088"}],"version-history":[{"count":3,"href":"https:\/\/meskreasbudget.fr\/accueil-2\/wp-json\/wp\/v2\/product\/6088\/revisions"}],"predecessor-version":[{"id":6672,"href":"https:\/\/meskreasbudget.fr\/accueil-2\/wp-json\/wp\/v2\/product\/6088\/revisions\/6672"}],"wp:featuredmedia":[{"embeddable":true,"href":"https:\/\/meskreasbudget.fr\/accueil-2\/wp-json\/wp\/v2\/media\/5972"}],"wp:attachment":[{"href":"https:\/\/meskreasbudget.fr\/accueil-2\/wp-json\/wp\/v2\/media?parent=6088"}],"wp:term":[{"taxonomy":"product_brand","embeddable":true,"href":"https:\/\/meskreasbudget.fr\/accueil-2\/wp-json\/wp\/v2\/product_brand?post=6088"},{"taxonomy":"product_cat","embeddable":true,"href":"https:\/\/meskreasbudget.fr\/accueil-2\/wp-json\/wp\/v2\/product_cat?post=6088"},{"taxonomy":"product_tag","embeddable":true,"href":"https:\/\/meskreasbudget.fr\/accueil-2\/wp-json\/wp\/v2\/product_tag?post=6088"}],"curies":[{"name":"wp","href":"https:\/\/api.w.org\/{rel}","templated":true}]}}