{"id":5954,"date":"2025-05-07T19:23:01","date_gmt":"2025-05-07T19:23:01","guid":{"rendered":"https:\/\/meskreasbudget.fr\/?post_type=product&#038;p=5954"},"modified":"2025-05-15T14:59:36","modified_gmt":"2025-05-15T14:59:36","slug":"defis-theme-saint-patrick-pastifie","status":"publish","type":"product","link":"https:\/\/meskreasbudget.fr\/accueil-2\/produit\/defis-theme-saint-patrick-pastifie\/","title":{"rendered":"D\u00e9fis Th\u00e8me Saint-Patrick , plastifi\u00e9"},"content":{"rendered":"<p>Voici un d\u00e9fis pour pr\u00e9parer la f\u00eate de Saint-Patrick avec plaisir .<\/p>\n<p>D\u00e8s qu&rsquo;il vous reste un billet dont vous n&rsquo;aurez pas besoin, \u00e9pargnez-le dans ce Challenge .<\/p>\n<p>Si vous vous lancez tout juste dans le syst\u00e8me des enveloppes et que vous cherchez des d\u00e9fis faciles \u00e0 relever pour commencer \u00e0 \u00e9pargner, c&rsquo;est certainement ce tracker qu&rsquo;il vous faut.<\/p>\n<p>Grace \u00e0 nos designs , vous allez \u00e9pargner avec un immense plaisir .<\/p>\n<p>Chaque fois que vous ins\u00e9rez le montant dans une enveloppe ( ou pochette vendu sur ce site ) , faites une croix sur l&rsquo;ic\u00f4ne de votre tracker.<\/p>\n<p>Lorsque vous aurez fini , cela signifiera que vous aurez \u00e9pargn\u00e9 300\u20ac. Ensuite vous pouvez effacer et recommencer \u00e0 nouveau.<\/p>\n<p>ce challenge est imprim\u00e9 recto \/ verso sur du papier 160 g et plastifi\u00e9 . ( donc r\u00e9utilisable )<\/p>\n<p>Dimensions : 15,5 cm x 8 cm , facile a ins\u00e9rer dans une enveloppe A6<\/p>\n<p><strong>Cet article a \u00e9t\u00e9 cr\u00e9\u00e9 , imprim\u00e9 et plastifi\u00e9 par mes soins aux Arcs ( 83 )<\/strong><\/p>\n<p>Toute reproduction est interdite , droits a l&rsquo;image<\/p>\n","protected":false},"excerpt":{"rendered":"<p>Voici un d\u00e9fis pour pr\u00e9parer la f\u00eate de Saint-Patrick avec plaisir .<\/p>\n<p>D\u00e8s qu&rsquo;il vous reste un billet dont vous n&rsquo;aurez pas besoin, \u00e9pargnez-le dans ce Challenge .<\/p>\n<p>Si vous vous lancez tout juste dans le syst\u00e8me des enveloppes et que vous cherchez des d\u00e9fis faciles \u00e0 relever pour commencer \u00e0 \u00e9pargner, c&rsquo;est certainement ce tracker qu&rsquo;il vous faut.<\/p>\n<p>Grace \u00e0 nos designs , vous allez \u00e9pargner avec un immense plaisir .<\/p>\n<p>Chaque fois que vous ins\u00e9rez le montant dans une enveloppe ( ou pochette vendu sur ce site ) , faites une croix sur l&rsquo;ic\u00f4ne de votre tracker.<\/p>\n<p>Lorsque vous aurez fini , cela signifiera que vous aurez \u00e9pargn\u00e9 300\u20ac. Ensuite vous pouvez effacer et recommencer \u00e0 nouveau.<\/p>\n<p>ce challenge est imprim\u00e9 recto \/ verso sur du papier 160 g et plastifi\u00e9 . ( donc r\u00e9utilisable )<\/p>\n<p>Dimensions : 15,5 cm x 8 cm , facile a ins\u00e9rer dans une enveloppe A6<\/p>\n<p><strong>Cet article a \u00e9t\u00e9 cr\u00e9\u00e9 , imprim\u00e9 et plastifi\u00e9 par mes soins aux Arcs ( 83 )<\/strong><\/p>\n","protected":false},"featured_media":5929,"comment_status":"open","ping_status":"closed","template":"","meta":{"iawp_total_views":3},"product_brand":[],"product_cat":[103,88],"product_tag":[101,97],"class_list":{"0":"post-5954","1":"product","2":"type-product","3":"status-publish","4":"has-post-thumbnail","6":"product_cat-defis-categories","7":"product_cat-defis-budget","8":"product_tag-enveloppe","9":"product_tag-trackers","11":"first","12":"instock","13":"shipping-taxable","14":"purchasable","15":"product-type-simple"},"aioseo_notices":[],"_links":{"self":[{"href":"https:\/\/meskreasbudget.fr\/accueil-2\/wp-json\/wp\/v2\/product\/5954","targetHints":{"allow":["GET"]}}],"collection":[{"href":"https:\/\/meskreasbudget.fr\/accueil-2\/wp-json\/wp\/v2\/product"}],"about":[{"href":"https:\/\/meskreasbudget.fr\/accueil-2\/wp-json\/wp\/v2\/types\/product"}],"replies":[{"embeddable":true,"href":"https:\/\/meskreasbudget.fr\/accueil-2\/wp-json\/wp\/v2\/comments?post=5954"}],"version-history":[{"count":4,"href":"https:\/\/meskreasbudget.fr\/accueil-2\/wp-json\/wp\/v2\/product\/5954\/revisions"}],"predecessor-version":[{"id":6711,"href":"https:\/\/meskreasbudget.fr\/accueil-2\/wp-json\/wp\/v2\/product\/5954\/revisions\/6711"}],"wp:featuredmedia":[{"embeddable":true,"href":"https:\/\/meskreasbudget.fr\/accueil-2\/wp-json\/wp\/v2\/media\/5929"}],"wp:attachment":[{"href":"https:\/\/meskreasbudget.fr\/accueil-2\/wp-json\/wp\/v2\/media?parent=5954"}],"wp:term":[{"taxonomy":"product_brand","embeddable":true,"href":"https:\/\/meskreasbudget.fr\/accueil-2\/wp-json\/wp\/v2\/product_brand?post=5954"},{"taxonomy":"product_cat","embeddable":true,"href":"https:\/\/meskreasbudget.fr\/accueil-2\/wp-json\/wp\/v2\/product_cat?post=5954"},{"taxonomy":"product_tag","embeddable":true,"href":"https:\/\/meskreasbudget.fr\/accueil-2\/wp-json\/wp\/v2\/product_tag?post=5954"}],"curies":[{"name":"wp","href":"https:\/\/api.w.org\/{rel}","templated":true}]}}