{"id":5910,"date":"2025-05-07T18:24:29","date_gmt":"2025-05-07T18:24:29","guid":{"rendered":"https:\/\/meskreasbudget.fr\/?post_type=product&#038;p=5910"},"modified":"2025-06-01T08:39:32","modified_gmt":"2025-06-01T08:39:32","slug":"pochette-simili-cuir-simple","status":"publish","type":"product","link":"https:\/\/meskreasbudget.fr\/accueil-2\/produit\/pochette-simili-cuir-simple\/","title":{"rendered":"Pochette Simili Cuir Simple"},"content":{"rendered":"<p>Je vous propose une pochette en Simili Cuir styl\u00e9e de retrait Banque ou\u00a0 pour les d\u00e9fis .<\/p>\n<p>Id\u00e9al pour le retrait de vos esp\u00e8ces \u00e0 la Banque , mais vous pouvez aussi l&rsquo;utilisez pour vos d\u00e9fis 5 \u20ac , challenges , jeux \u00e9pargnes\u00a0 par exemple .<\/p>\n<p>La pochette est vendu avec un tracker retrait banque , fermeture avec un bouton a pression .<\/p>\n<p>Vous pouvez personnaliser votre pochette avec des mots comme : Banque , D\u00e9fis ou autre .<\/p>\n<p>Je couds toutes les pochettes vendu sur le site , vous ne les trouverez pas sur les autres sites<\/p>\n<p>( le d\u00e9lais pour les cr\u00e9er si rupture de stock , est un peu plus long).<\/p>\n<p>Mati\u00e8re : simili cuir<\/p>\n<p>Dimensions : 18 cm x 10 cm<\/p>\n<p>De nouvelles couleurs arrivent bient\u00f4t .<\/p>\n<p>Je met r\u00e9guli\u00e8rement le stock a jour\u00a0 et aussi de nouvelles cr\u00e9ations .<\/p>\n","protected":false},"excerpt":{"rendered":"<p>Je vous propose une pochette en Simili Cuir de retrait Banque ou\u00a0 pour les d\u00e9fis .<\/p>\n<p>La pochette est vendu avec un tracker retrait banque .<\/p>\n<p>Je couds toutes les pochettes vendu sur le site , vous ne les trouverez pas sur les autres sites<\/p>\n<p>( le d\u00e9lais pour les cr\u00e9er si rupture de stock , est un peu plus long).<\/p>\n<p>Mati\u00e9re : simili cuir style croco<\/p>\n<p>Dimensions : 18 cm x 10 cm<\/p>\n","protected":false},"featured_media":5884,"comment_status":"open","ping_status":"closed","template":"","meta":{"iawp_total_views":3},"product_brand":[],"product_cat":[90],"product_tag":[101,100,97],"class_list":{"0":"post-5910","1":"product","2":"type-product","3":"status-publish","4":"has-post-thumbnail","6":"product_cat-pochette-banque","7":"product_tag-enveloppe","8":"product_tag-pochette","9":"product_tag-trackers","10":"wcpa_has_options","12":"first","13":"instock","14":"featured","15":"shipping-taxable","16":"purchasable","17":"product-type-variable"},"aioseo_notices":[],"_links":{"self":[{"href":"https:\/\/meskreasbudget.fr\/accueil-2\/wp-json\/wp\/v2\/product\/5910","targetHints":{"allow":["GET"]}}],"collection":[{"href":"https:\/\/meskreasbudget.fr\/accueil-2\/wp-json\/wp\/v2\/product"}],"about":[{"href":"https:\/\/meskreasbudget.fr\/accueil-2\/wp-json\/wp\/v2\/types\/product"}],"replies":[{"embeddable":true,"href":"https:\/\/meskreasbudget.fr\/accueil-2\/wp-json\/wp\/v2\/comments?post=5910"}],"version-history":[{"count":4,"href":"https:\/\/meskreasbudget.fr\/accueil-2\/wp-json\/wp\/v2\/product\/5910\/revisions"}],"predecessor-version":[{"id":6712,"href":"https:\/\/meskreasbudget.fr\/accueil-2\/wp-json\/wp\/v2\/product\/5910\/revisions\/6712"}],"wp:featuredmedia":[{"embeddable":true,"href":"https:\/\/meskreasbudget.fr\/accueil-2\/wp-json\/wp\/v2\/media\/5884"}],"wp:attachment":[{"href":"https:\/\/meskreasbudget.fr\/accueil-2\/wp-json\/wp\/v2\/media?parent=5910"}],"wp:term":[{"taxonomy":"product_brand","embeddable":true,"href":"https:\/\/meskreasbudget.fr\/accueil-2\/wp-json\/wp\/v2\/product_brand?post=5910"},{"taxonomy":"product_cat","embeddable":true,"href":"https:\/\/meskreasbudget.fr\/accueil-2\/wp-json\/wp\/v2\/product_cat?post=5910"},{"taxonomy":"product_tag","embeddable":true,"href":"https:\/\/meskreasbudget.fr\/accueil-2\/wp-json\/wp\/v2\/product_tag?post=5910"}],"curies":[{"name":"wp","href":"https:\/\/api.w.org\/{rel}","templated":true}]}}