{"id":5874,"date":"2025-05-07T17:19:37","date_gmt":"2025-05-07T17:19:37","guid":{"rendered":"https:\/\/meskreasbudget.fr\/?post_type=product&#038;p=5874"},"modified":"2025-05-15T14:28:44","modified_gmt":"2025-05-15T14:28:44","slug":"classeur-budget-mini-blanc","status":"publish","type":"product","link":"https:\/\/meskreasbudget.fr\/accueil-2\/produit\/classeur-budget-mini-blanc\/","title":{"rendered":"Classeur Budget Mini Blanc A7"},"content":{"rendered":"<p>Classeur Budget Mini Format A7 rigide .<\/p>\n<p>L\u2019int\u00e9rieur c\u2019est muni de 3 poches pour ranger les cartes bleues ou cartes de fid\u00e9lit\u00e9s .<\/p>\n<p>Une grande pochette pour mettre vos tickets de caisse .<\/p>\n<p>Ce classeur budget s&rsquo;utilise avec des enveloppes type au format A7 .<\/p>\n<p>Vous pouvez le compl\u00e9ter avec des trackers ,\u00a0 des pages de garde , ou enveloppes disponible sur le site.<\/p>\n<p>Plusieurs coloris sont disponibles sur le site.<\/p>\n<p><strong>Fourni avec 6 pochettes zip d\u00e9j\u00e0 install\u00e9s<\/strong> .<\/p>\n<p>&nbsp;<\/p>\n","protected":false},"excerpt":{"rendered":"<p>Classeur Budget Mini Format A7 rigide .<\/p>\n<p>L\u2019int\u00e9rieur c\u2019est muni de 3 poches pour ranger les cartes bleues ou cartes de fid\u00e9lit\u00e9s .<\/p>\n<p>Une grande pochette pour mettre vos tickets de caisse .<\/p>\n<p>Ce classeur budget s&rsquo;utilise avec des enveloppes type au format A7 .<\/p>\n<p>Vous pouvez le compl\u00e9ter avec des trackers ,\u00a0 des pages de garde , ou enveloppes disponible sur le site.<\/p>\n<p>Plusieurs coloris sont disponibles sur le site.<\/p>\n<p><strong>Fourni avec 6 pochettes zip d\u00e9j\u00e0 install\u00e9s<\/strong> .<\/p>\n","protected":false},"featured_media":5810,"comment_status":"open","ping_status":"closed","template":"","meta":{"iawp_total_views":5},"product_brand":[],"product_cat":[92,86],"product_tag":[94,99],"class_list":{"0":"post-5874","1":"product","2":"type-product","3":"status-publish","4":"has-post-thumbnail","6":"product_cat-classeur-a7","7":"product_cat-classeur-budget","8":"product_tag-classeur-budget-a7","9":"product_tag-classeur-journalier","11":"first","12":"instock","13":"featured","14":"shipping-taxable","15":"purchasable","16":"product-type-simple"},"aioseo_notices":[],"_links":{"self":[{"href":"https:\/\/meskreasbudget.fr\/accueil-2\/wp-json\/wp\/v2\/product\/5874","targetHints":{"allow":["GET"]}}],"collection":[{"href":"https:\/\/meskreasbudget.fr\/accueil-2\/wp-json\/wp\/v2\/product"}],"about":[{"href":"https:\/\/meskreasbudget.fr\/accueil-2\/wp-json\/wp\/v2\/types\/product"}],"replies":[{"embeddable":true,"href":"https:\/\/meskreasbudget.fr\/accueil-2\/wp-json\/wp\/v2\/comments?post=5874"}],"version-history":[{"count":2,"href":"https:\/\/meskreasbudget.fr\/accueil-2\/wp-json\/wp\/v2\/product\/5874\/revisions"}],"predecessor-version":[{"id":6721,"href":"https:\/\/meskreasbudget.fr\/accueil-2\/wp-json\/wp\/v2\/product\/5874\/revisions\/6721"}],"wp:featuredmedia":[{"embeddable":true,"href":"https:\/\/meskreasbudget.fr\/accueil-2\/wp-json\/wp\/v2\/media\/5810"}],"wp:attachment":[{"href":"https:\/\/meskreasbudget.fr\/accueil-2\/wp-json\/wp\/v2\/media?parent=5874"}],"wp:term":[{"taxonomy":"product_brand","embeddable":true,"href":"https:\/\/meskreasbudget.fr\/accueil-2\/wp-json\/wp\/v2\/product_brand?post=5874"},{"taxonomy":"product_cat","embeddable":true,"href":"https:\/\/meskreasbudget.fr\/accueil-2\/wp-json\/wp\/v2\/product_cat?post=5874"},{"taxonomy":"product_tag","embeddable":true,"href":"https:\/\/meskreasbudget.fr\/accueil-2\/wp-json\/wp\/v2\/product_tag?post=5874"}],"curies":[{"name":"wp","href":"https:\/\/api.w.org\/{rel}","templated":true}]}}