{"id":5855,"date":"2025-05-07T16:54:43","date_gmt":"2025-05-07T16:54:43","guid":{"rendered":"https:\/\/meskreasbudget.fr\/?post_type=product&#038;p=5855"},"modified":"2025-05-15T15:19:17","modified_gmt":"2025-05-15T15:19:17","slug":"signe-astrologique-chinois","status":"publish","type":"product","link":"https:\/\/meskreasbudget.fr\/accueil-2\/produit\/signe-astrologique-chinois\/","title":{"rendered":"D\u00e9fis Signe Astrologique Chinois"},"content":{"rendered":"<p>Faites des \u00e9conomies avec ce d\u00e9fi Signe Astrologique Chinois .<\/p>\n<p>S\u00e9lectionnez votre signe astrologique et \u00e9pargnez .<\/p>\n<p>Au verso de ce d\u00e9fis des pastilles a gratter .<\/p>\n<p>Gratter et \u00e9conomisez le montant indiqu\u00e9 . vous pouvez le r\u00e9utiliser chaque ann\u00e9e .<\/p>\n<p>Papier 160g\u00a0 , imprim\u00e9 recto verso et plastifi\u00e9 .<\/p>\n<p>Dimensions : 15,5 cm x 8 cm . id\u00e9al pour mettre dans une enveloppe budget ou dans une enveloppe simili cuir ( en vente sur notre site )<\/p>\n","protected":false},"excerpt":{"rendered":"<p>Faites des \u00e9conomies avec ce d\u00e9fi Signe astrologique Chinoise .<\/p>\n<p>S\u00e9lectionnez votre signe astrologique et \u00e9pargnez .<\/p>\n<p>Au verso de ce d\u00e9fis des pastilles a gratter .<\/p>\n<p>Gratter et \u00e9conomisez le montant indiqu\u00e9 . vous pouvez le r\u00e9utiliser chaque ann\u00e9e .<\/p>\n<p>Papier 160g\u00a0 , imprim\u00e9 recto verso et plastifi\u00e9 .<\/p>\n<p>Dimensions : 15,5 cm x 8 cm . id\u00e9al pour mettre dans une enveloppe budget ou dans une enveloppe simili cuir ( en vente sur notre site )<\/p>\n","protected":false},"featured_media":5833,"comment_status":"open","ping_status":"closed","template":"","meta":{"iawp_total_views":5},"product_brand":[],"product_cat":[103,88],"product_tag":[98,96,97],"class_list":{"0":"post-5855","1":"product","2":"type-product","3":"status-publish","4":"has-post-thumbnail","6":"product_cat-defis-categories","7":"product_cat-defis-budget","8":"product_tag-defis","9":"product_tag-defis-budget","10":"product_tag-trackers","12":"first","13":"instock","14":"shipping-taxable","15":"purchasable","16":"product-type-variable"},"aioseo_notices":[],"_links":{"self":[{"href":"https:\/\/meskreasbudget.fr\/accueil-2\/wp-json\/wp\/v2\/product\/5855","targetHints":{"allow":["GET"]}}],"collection":[{"href":"https:\/\/meskreasbudget.fr\/accueil-2\/wp-json\/wp\/v2\/product"}],"about":[{"href":"https:\/\/meskreasbudget.fr\/accueil-2\/wp-json\/wp\/v2\/types\/product"}],"replies":[{"embeddable":true,"href":"https:\/\/meskreasbudget.fr\/accueil-2\/wp-json\/wp\/v2\/comments?post=5855"}],"version-history":[{"count":3,"href":"https:\/\/meskreasbudget.fr\/accueil-2\/wp-json\/wp\/v2\/product\/5855\/revisions"}],"predecessor-version":[{"id":6743,"href":"https:\/\/meskreasbudget.fr\/accueil-2\/wp-json\/wp\/v2\/product\/5855\/revisions\/6743"}],"wp:featuredmedia":[{"embeddable":true,"href":"https:\/\/meskreasbudget.fr\/accueil-2\/wp-json\/wp\/v2\/media\/5833"}],"wp:attachment":[{"href":"https:\/\/meskreasbudget.fr\/accueil-2\/wp-json\/wp\/v2\/media?parent=5855"}],"wp:term":[{"taxonomy":"product_brand","embeddable":true,"href":"https:\/\/meskreasbudget.fr\/accueil-2\/wp-json\/wp\/v2\/product_brand?post=5855"},{"taxonomy":"product_cat","embeddable":true,"href":"https:\/\/meskreasbudget.fr\/accueil-2\/wp-json\/wp\/v2\/product_cat?post=5855"},{"taxonomy":"product_tag","embeddable":true,"href":"https:\/\/meskreasbudget.fr\/accueil-2\/wp-json\/wp\/v2\/product_tag?post=5855"}],"curies":[{"name":"wp","href":"https:\/\/api.w.org\/{rel}","templated":true}]}}