{"id":5796,"date":"2025-04-28T14:53:48","date_gmt":"2025-04-28T14:53:48","guid":{"rendered":"https:\/\/meskreasbudget.fr\/?post_type=product&#038;p=5796"},"modified":"2025-05-15T14:50:21","modified_gmt":"2025-05-15T14:50:21","slug":"classeur-budget-noir","status":"publish","type":"product","link":"https:\/\/meskreasbudget.fr\/accueil-2\/produit\/classeur-budget-noir\/","title":{"rendered":"Classeur Budget Noir A6"},"content":{"rendered":"<p>Classeur Budget Format A6 rigide .<\/p>\n<p>L\u2019int\u00e9rieur c\u2019est muni de 4 poches pour ranger les cartes bleues ou cartes de fid\u00e9lit\u00e9s .<\/p>\n<p>Une grande pochette pour mettre vos tickets de caisse .<\/p>\n<p>Ce classeur budget s&rsquo;utilise avec des enveloppes type au format A6 .<\/p>\n<p>Vous pouvez le compl\u00e9ter avec des trackers ,\u00a0 des pages de garde , ou enveloppes disponible sur le site.<\/p>\n<p>Plusieurs coloris sont disponibles sur le site.<\/p>\n<p><strong>Fourni avec 6 pochettes zip d\u00e9j\u00e0 install\u00e9s<\/strong> .<\/p>\n<p>PERSONNALISATION<\/p>\n<p>Si vous d\u00e9sirez une personnalisation, comme un pr\u00e9nom ou autre . veuillez m&rsquo;envoyez un mail .<\/p>\n<p>La personnalisation allonge le temps de traitement de votre commande .<\/p>\n","protected":false},"excerpt":{"rendered":"<p>Classeur Budget Format A6 rigide .<\/p>\n<p>L\u2019int\u00e9rieur c\u2019est muni de 4 poches pour ranger les cartes bleues ou cartes de fid\u00e9lit\u00e9s .<\/p>\n<p>Une grande pochette pour mettre vos tickets de caisse .<\/p>\n<p>Ce classeur budget s&rsquo;utilise avec des enveloppes type au format A6 .<\/p>\n<p>Vous pouvez le compl\u00e9ter avec des trackers ,\u00a0 des pages de garde , ou enveloppes disponible sur le site.<\/p>\n<p>Plusieurs coloris sont disponibles sur le site.<\/p>\n<p><strong>Fourni avec 6 pochettes zip d\u00e9j\u00e0 install\u00e9s<\/strong> .<\/p>\n","protected":false},"featured_media":5788,"comment_status":"open","ping_status":"closed","template":"","meta":{"iawp_total_views":1},"product_brand":[],"product_cat":[91,86],"product_tag":[93],"class_list":{"0":"post-5796","1":"product","2":"type-product","3":"status-publish","4":"has-post-thumbnail","6":"product_cat-classeur-a6","7":"product_cat-classeur-budget","8":"product_tag-classeur-budget-a6","10":"first","11":"instock","12":"shipping-taxable","13":"purchasable","14":"product-type-simple"},"aioseo_notices":[],"_links":{"self":[{"href":"https:\/\/meskreasbudget.fr\/accueil-2\/wp-json\/wp\/v2\/product\/5796","targetHints":{"allow":["GET"]}}],"collection":[{"href":"https:\/\/meskreasbudget.fr\/accueil-2\/wp-json\/wp\/v2\/product"}],"about":[{"href":"https:\/\/meskreasbudget.fr\/accueil-2\/wp-json\/wp\/v2\/types\/product"}],"replies":[{"embeddable":true,"href":"https:\/\/meskreasbudget.fr\/accueil-2\/wp-json\/wp\/v2\/comments?post=5796"}],"version-history":[{"count":3,"href":"https:\/\/meskreasbudget.fr\/accueil-2\/wp-json\/wp\/v2\/product\/5796\/revisions"}],"predecessor-version":[{"id":6735,"href":"https:\/\/meskreasbudget.fr\/accueil-2\/wp-json\/wp\/v2\/product\/5796\/revisions\/6735"}],"wp:featuredmedia":[{"embeddable":true,"href":"https:\/\/meskreasbudget.fr\/accueil-2\/wp-json\/wp\/v2\/media\/5788"}],"wp:attachment":[{"href":"https:\/\/meskreasbudget.fr\/accueil-2\/wp-json\/wp\/v2\/media?parent=5796"}],"wp:term":[{"taxonomy":"product_brand","embeddable":true,"href":"https:\/\/meskreasbudget.fr\/accueil-2\/wp-json\/wp\/v2\/product_brand?post=5796"},{"taxonomy":"product_cat","embeddable":true,"href":"https:\/\/meskreasbudget.fr\/accueil-2\/wp-json\/wp\/v2\/product_cat?post=5796"},{"taxonomy":"product_tag","embeddable":true,"href":"https:\/\/meskreasbudget.fr\/accueil-2\/wp-json\/wp\/v2\/product_tag?post=5796"}],"curies":[{"name":"wp","href":"https:\/\/api.w.org\/{rel}","templated":true}]}}