{"id":3,"date":"2022-01-10T11:01:24","date_gmt":"2022-01-10T11:01:24","guid":{"rendered":"https:\/\/meskreasbudget.fr\/?page_id=3"},"modified":"2025-04-28T08:09:34","modified_gmt":"2025-04-28T08:09:34","slug":"politique-de-confidentialite","status":"publish","type":"page","link":"https:\/\/meskreasbudget.fr\/accueil-2\/politique-de-confidentialite\/","title":{"rendered":"Politique de Confidentialit\u00e9"},"content":{"rendered":"\n<p><\/p>\n\n\n\n<p><br><br>Le but de cette politique de confidentialit\u00e9 est d\u2019informer les utilisateurs de notre site des donn\u00e9es personnelles que nous recueillerons ainsi que les informations suivantes, le cas \u00e9ch\u00e9ant :<br><br>a. Les donn\u00e9es personnelles que nous recueillerons<br>b. L\u2019utilisation des donn\u00e9es recueillies<br>c. Qui a acc\u00e8s aux donn\u00e9es recueillies<br>d. Les droits des utilisateurs du site<br>e. La politique de cookies du site<br><br>Cette politique de confidentialit\u00e9 fonctionne parall\u00e8lement aux conditions g\u00e9n\u00e9rales d\u2019utilisation de notre site.<br><br><strong>Lois applicables<\/strong><br><br>Conform\u00e9ment au R\u00e8glement g\u00e9n\u00e9ral sur la protection des donn\u00e9es (RGPD), cette politique de confidentialit\u00e9 est conforme aux r\u00e8glements suivants.<br><br>Les donn\u00e9es \u00e0 caract\u00e8re personnel doivent \u00eatre :<br><br>a. Trait\u00e9es de mani\u00e8re licite, loyale et transparente au regard de la personne concern\u00e9e (lic\u00e9it\u00e9, loyaut\u00e9, transparence);<br>b. Collect\u00e9es pour des finalit\u00e9s d\u00e9termin\u00e9es, explicites et l\u00e9gitimes, et ne pas \u00eatre trait\u00e9es ult\u00e9rieurement d\u2019une mani\u00e8re incompatible avec ces finalit\u00e9s; le traitement ult\u00e9rieur \u00e0 des fins archivistiques dans l\u2019int\u00e9r\u00eat public, \u00e0 des fins de recherche scientifique ou historique ou \u00e0 des fins statistiques n\u2019est pas consid\u00e9r\u00e9, conform\u00e9ment \u00e0 l\u2019article 89, paragraphe 1, comme incompatible avec les finalit\u00e9s initiales (limitation des finalit\u00e9s);<br>c. Ad\u00e9quates, pertinentes et limit\u00e9es \u00e0 ce qui est n\u00e9cessaire au regard des finalit\u00e9s pour lesquelles elles sont trait\u00e9es (minimisation des donn\u00e9es):<br>d. Exactes et, si n\u00e9cessaire, tenues \u00e0 jour; toutes les mesures raisonnables doivent \u00eatre prises pour que les donn\u00e9es \u00e0 caract\u00e8re personnel qui sont inexactes, eu \u00e9gard aux finalit\u00e9s pour lesquelles elles sont trait\u00e9es, soient effac\u00e9es ou rectifi\u00e9es sans tarder (exactitude);<br>e. Conserv\u00e9es sous une forme permettant l\u2019identification des personnes concern\u00e9es pendant une dur\u00e9e n\u2019exc\u00e9dant pas celle n\u00e9cessaire au regard des finalit\u00e9s pour lesquelles elles sont trait\u00e9es; les donn\u00e9es \u00e0 caract\u00e8re personnel peuvent \u00eatre conserv\u00e9es pour des dur\u00e9es plus longues dans la mesure o\u00f9 elles seront trait\u00e9es exclusivement \u00e0 des fins archivistiques dans l\u2019int\u00e9r\u00eat public, \u00e0 des fins de recherche scientifique ou historique ou \u00e0 des fins statistiques conform\u00e9ment \u00e0 l\u2019article 89, paragraphe 1, pour autant que soient mises en \u0153uvre les mesures techniques et organisationnelles appropri\u00e9es requises par le r\u00e8glement afin de garantir les droits et libert\u00e9s de la personne concern\u00e9e (limitation de la conservation);<br>f. Trait\u00e9es de fa\u00e7on \u00e0 garantir une s\u00e9curit\u00e9 appropri\u00e9e des donn\u00e9es \u00e0 caract\u00e8re personnel, y compris la protection contre le traitement non autoris\u00e9 ou illicite et contre la perte, la destruction ou les d\u00e9g\u00e2ts d\u2019origine accidentelle, \u00e0 l\u2019aide de mesures techniques ou organisationnelles appropri\u00e9es (int\u00e9grit\u00e9 et confidentialit\u00e9).<br><br>Le traitement n\u2019est licite que si, et dans la mesure o\u00f9, au moins une des conditions suivantes est remplie :<br><br>a. La personne concern\u00e9e a consenti au traitement de ses donn\u00e9es \u00e0 caract\u00e8re personnel pour une ou plusieurs finalit\u00e9s sp\u00e9cifiques;<br>b. Le traitement est n\u00e9cessaire \u00e0 l\u2019ex\u00e9cution d\u2019un contrat auquel la personne concern\u00e9e est partie ou \u00e0 l\u2019ex\u00e9cution de mesures pr\u00e9contractuelles prises \u00e0 la demande de celle-ci ;<br>c. Le traitement est n\u00e9cessaire au respect d\u2019une obligation l\u00e9gale \u00e0 laquelle le responsable du traitement est soumis ;<br>d. Le traitement est n\u00e9cessaire \u00e0 la sauvegarde des int\u00e9r\u00eats vitaux de la personne concern\u00e9e ou d\u2019une autre personne physique ;<br>e. Le traitement est n\u00e9cessaire \u00e0 l\u2019ex\u00e9cution d\u2019une mission d\u2019int\u00e9r\u00eat public ou relevant de l\u2019exercice de l\u2019autorit\u00e9 publique dont est investi le responsable du traitement ;<br>f. Le traitement est n\u00e9cessaire aux fins des int\u00e9r\u00eats l\u00e9gitimes poursuivis par le responsable du traitement ou par un tiers, \u00e0 moins que ne pr\u00e9valent les int\u00e9r\u00eats ou les libert\u00e9s et droits fondamentaux de la personne concern\u00e9e qui exigent une protection des donn\u00e9es \u00e0 caract\u00e8re personnel, notamment lorsque la personne concern\u00e9e est un enfant.<br><br><strong>Consentement<\/strong><br><br>Les utilisateurs conviennent qu\u2019en utilisant notre site, ils consentent \u00e0 :<br><br>a. les conditions \u00e9nonc\u00e9es dans la pr\u00e9sente politique de confidentialit\u00e9 et<br>b. la collecte, l\u2019utilisation et la conservation des donn\u00e9es \u00e9num\u00e9r\u00e9es dans la pr\u00e9sente politique.<br><br><strong>Donn\u00e9es personnelles que nous collectons<\/strong><br><strong><br>Donn\u00e9es collect\u00e9es automatiquement<\/strong><br><strong><br><\/strong>Lorsque vous visitez et utilisez notre site, nous pouvons automatiquement recueillir et conserver les renseignements suivants :<br><br>a. Adresse IP<br>b. Lieu<br>c. D\u00e9tails mat\u00e9riels et logiciels<br>d. Contenu que l\u2019utilisateur consulte sur votre site<br><br><strong>Donn\u00e9es recueillies de fa\u00e7on non automatique<\/strong><br><br>Nous pouvons \u00e9galement collecter les donn\u00e9es suivantes lorsque vous effectuez certaines fonctions sur notre site :<br><br>a. Pr\u00e9nom et nom<br>b. Email<br>c. Num\u00e9ro de t\u00e9l\u00e9phone<br>d. Domicile<br>e. Information de paiement<br><br>Ces donn\u00e9es peuvent \u00eatre recueillies au moyen de la cr\u00e9ation de compte ou lors du traitement d\u2019une commande.<br><br>Veuillez noter que nous ne collectons que les donn\u00e9es qui nous aident \u00e0 atteindre l\u2019objectif \u00e9nonc\u00e9 dans cette politique de confidentialit\u00e9. Nous ne recueillerons pas de donn\u00e9es suppl\u00e9mentaires sans vous en informer au pr\u00e9alable.<br><br><strong>Comment nous utilisons les donn\u00e9es personnelles<\/strong>:<br><br>Les donn\u00e9es personnelles recueillies sur notre site seront utilis\u00e9es uniquement aux fins pr\u00e9cis\u00e9es dans la pr\u00e9sente politique ou indiqu\u00e9es sur les pages pertinentes de notre site. Nous n\u2019utiliserons pas vos donn\u00e9es au-del\u00e0 de ce que nous divulguerons.<br><br>Les donn\u00e9es que nous recueillons automatiquement sont utilis\u00e9es par WordPress \u00e0 des fins statistique pour meskreasbudget .<br><br>Les donn\u00e9es que nous recueillons lorsque l\u2019utilisateur ex\u00e9cute certaines fonctions peuvent \u00eatre utilis\u00e9es lors de la gestion de vos commandes.<br><br><strong>Avec qui nous partageons les donn\u00e9es personnelles<\/strong><br><br>Nous pouvons divulguer \u00e0 tout membre de notre organisation les donn\u00e9es utilisateur dont il a raisonnablement besoin pour r\u00e9aliser les objectifs \u00e9nonc\u00e9s dans la pr\u00e9sente politique.<br><br>Nous pouvons partager les donn\u00e9es utilisateur avec les tiers suivants :<br>a. Certains service: WordPress,  Woocommerce<br>b. Partenaire La Poste Mondial Relay et autres transporteurs<br>c. PayPal<br><br>Nous pouvons partager vos informations personnelles afin de mener \u00e0 bien vos commandes.<\/p>\n\n\n\n<p>Les tiers ne seront pas en mesure d\u2019acc\u00e9der aux donn\u00e9es des utilisateurs au-del\u00e0 de ce qui est raisonnablement n\u00e9cessaire pour atteindre l\u2019objectif donn\u00e9.<br><br><strong>Autres divulgations<\/strong><br><strong><br><\/strong>Nous nous engageons \u00e0 ne pas vendre ou partager vos donn\u00e9es avec d\u2019autres tiers, sauf dans les cas suivants :<br><br>a. Si la loi l\u2019exige<br>b. Si elle est requise pour toute proc\u00e9dure judiciaire<br>c. Pour prouver ou prot\u00e9ger nos droits l\u00e9gaux<br>d. A des acheteurs ou des acheteurs potentiels de cette soci\u00e9t\u00e9 dans le cas o\u00f9 nous cherchons \u00e0 la vendre la soci\u00e9t\u00e9<br><br>Si vous suivez des hyperliens de notre site vers un autre site, veuillez noter que nous ne sommes pas responsables et n\u2019avons pas de contr\u00f4le sur leurs politiques et pratiques de confidentialit\u00e9.<br><br><strong>Combien de temps nous stockons les donn\u00e9es personnelles<\/strong><br><strong><br><\/strong>Nous ne conservons pas les donn\u00e9es des utilisateurs au-del\u00e0 de ce qui est n\u00e9cessaire pour atteindre les fins pour lesquelles elles sont recueillies notamment dans la gestions des litiges PayPal pouvant aller jusqu\u2019\u00e0 60 jours apr\u00e8s l\u2019achat.<\/p>\n\n\n\n<p><strong>Comment nous prot\u00e9geons vos donn\u00e9es personnelles<\/strong><br><strong><br><\/strong>Afin d\u2019assurer la protection de votre s\u00e9curit\u00e9, nous utilisons le protocole de s\u00e9curit\u00e9 de la couche transport pour transmettre des renseignements personnels dans notre syst\u00e8me.<br>Toutes les donn\u00e9es stock\u00e9es dans notre syst\u00e8me sont bien s\u00e9curis\u00e9es et ne sont pas accessible \u00e0 tous.<br>Alors que nous prenons toutes les pr\u00e9cautions raisonnables pour nous assurer que nos donn\u00e9es d\u2019utilisateur sont s\u00e9curis\u00e9es et que les utilisateurs sont prot\u00e9g\u00e9s, il reste toujours du risque de pr\u00e9judice. L\u2019Internet en sa totalit\u00e9 peut \u00eatre, parfois, peu s\u00fbr et donc nous sommes incapables de garantir la s\u00e9curit\u00e9 des donn\u00e9es des utilisateurs au-del\u00e0 de ce qui est raisonnablement pratique.<br><br><strong>Mineurs<\/strong><br><br>Le RGPD pr\u00e9cise que les personnes de moins de 15 ans sont consid\u00e9r\u00e9es comme des mineurs aux fins de la collecte de donn\u00e9es. Les mineurs doivent avoir le consentement d\u2019un repr\u00e9sentant l\u00e9gal pour que leurs donn\u00e9es soient recueillies, trait\u00e9es et utilis\u00e9es.<br><br><strong>Vos droits en tant qu\u2019utilisateur<\/strong><br><strong><br><\/strong>En vertu du RGPD, les utilisateurs ont les droits suivants en tant que personnes concern\u00e9es :<br>a. Droit d\u2019acc\u00e8s<br>b. Droit de rectification<br>c. Droit \u00e0 l\u2019effacement<br>d. Droit de restreindre le traitement<br>e. Droit \u00e0 la portabilit\u00e9 des donn\u00e9es<br>f. Droit d\u2019objection<br><br>Vous trouverez de plus amples informations sur ces droits au chapitre 3 du RGPD.<\/p>\n\n\n\n<p><strong>Comment modifier, supprimer ou contester les donn\u00e9es recueillies<\/strong><br><strong><br><\/strong>Si vous souhaitez que vos renseignements soient supprim\u00e9s ou modifi\u00e9s d\u2019une fa\u00e7on ou d\u2019une autre, veuillez nous contactez par mail: meskreasbudget@gmail.com<br><br><strong>Politique sur les cookies<\/strong><br><strong><br><\/strong>Un cookie est un petit fichier, stock\u00e9 sur le disque dur d\u2019un utilisateur par le site Web. Son but est de recueillir des donn\u00e9es relatives aux habitudes de navigation de l\u2019utilisateur.<br><br>Nous utilisons les types de cookies suivants sur notre site :<br><br><strong>a. Cookies fonctionnels<\/strong><br><strong><br><\/strong>Nous les utilisons pour m\u00e9moriser toutes les s\u00e9lections que vous faites sur notre site afin qu\u2019elles soient sauvegard\u00e9es pour vos prochaines visites.<br><br><strong>b. Cookies analytiques<br><\/strong><br>Cela nous permet d\u2019am\u00e9liorer la conception et la fonctionnalit\u00e9 de notre site en recueillant des donn\u00e9es sur le contenu auquel vous acc\u00e9dez et sur lequel vous vous accrochez en utilisant notre site.<\/p>\n\n\n\n<p><strong>Modifications<\/strong><br><strong><br><\/strong>Cette politique de confidentialit\u00e9 peut \u00eatre modifi\u00e9e \u00e0 l\u2019occasion afin de maintenir la conformit\u00e9 avec la loi et de tenir compte de tout changement \u00e0 notre processus de collecte de donn\u00e9es. Nous recommandons \u00e0 nos utilisateurs de v\u00e9rifier notre politique de temps \u00e0 autre pour s\u2019assurer qu\u2019ils soient inform\u00e9s de toute mise \u00e0 jour. Au besoin, nous pouvons informer les utilisateurs par courriel des changements apport\u00e9s \u00e0 cette politique.<br><br><strong>Contact<\/strong><br><br>Si vous avez des questions \u00e0 nous poser, n\u2019h\u00e9sitez pas \u00e0 communiquer avec nous en utilisant ce qui suit : meskreasbudget@gmail.com<\/p>\n\n\n\n<p><\/p>\n","protected":false},"excerpt":{"rendered":"<p>Le but de cette politique de confidentialit\u00e9 est d\u2019informer les utilisateurs de notre site des donn\u00e9es personnelles que nous recueillerons ainsi que les informations suivantes, le cas \u00e9ch\u00e9ant : a. Les donn\u00e9es personnelles que nous recueilleronsb. L\u2019utilisation des donn\u00e9es recueilliesc. Qui a acc\u00e8s aux donn\u00e9es recueilliesd. Les droits des utilisateurs du sitee. La politique de [&hellip;]<\/p>\n","protected":false},"author":1,"featured_media":0,"parent":0,"menu_order":0,"comment_status":"closed","ping_status":"closed","template":"","meta":{"iawp_total_views":4,"footnotes":""},"class_list":["post-3","page","type-page","status-publish","hentry"],"blocksy_meta":[],"aioseo_notices":[],"_links":{"self":[{"href":"https:\/\/meskreasbudget.fr\/accueil-2\/wp-json\/wp\/v2\/pages\/3","targetHints":{"allow":["GET"]}}],"collection":[{"href":"https:\/\/meskreasbudget.fr\/accueil-2\/wp-json\/wp\/v2\/pages"}],"about":[{"href":"https:\/\/meskreasbudget.fr\/accueil-2\/wp-json\/wp\/v2\/types\/page"}],"author":[{"embeddable":true,"href":"https:\/\/meskreasbudget.fr\/accueil-2\/wp-json\/wp\/v2\/users\/1"}],"replies":[{"embeddable":true,"href":"https:\/\/meskreasbudget.fr\/accueil-2\/wp-json\/wp\/v2\/comments?post=3"}],"version-history":[{"count":2,"href":"https:\/\/meskreasbudget.fr\/accueil-2\/wp-json\/wp\/v2\/pages\/3\/revisions"}],"predecessor-version":[{"id":5776,"href":"https:\/\/meskreasbudget.fr\/accueil-2\/wp-json\/wp\/v2\/pages\/3\/revisions\/5776"}],"wp:attachment":[{"href":"https:\/\/meskreasbudget.fr\/accueil-2\/wp-json\/wp\/v2\/media?parent=3"}],"curies":[{"name":"wp","href":"https:\/\/api.w.org\/{rel}","templated":true}]}}